{"id":805,"date":"2025-04-14T18:32:08","date_gmt":"2025-04-14T16:32:08","guid":{"rendered":"https:\/\/lagrainebleue.fr\/?page_id=805"},"modified":"2025-04-14T18:33:52","modified_gmt":"2025-04-14T16:33:52","slug":"elements-a-venir","status":"publish","type":"page","link":"http:\/\/lagrainebleue.fr\/index.php\/elements-a-venir\/","title":{"rendered":"El\u00e9ments \u00e0 venir"},"content":{"rendered":"\t\t<div data-elementor-type=\"wp-page\" data-elementor-id=\"805\" class=\"elementor elementor-805\">\n\t\t\t\t<div class=\"elementor-element elementor-element-a0fb976 e-flex e-con-boxed e-con e-parent\" data-id=\"a0fb976\" data-element_type=\"container\">\n\t\t\t\t\t<div class=\"e-con-inner\">\n\t\t\t\t\t<\/div>\n\t\t\t\t<\/div>\n\t\t\t\t<\/div>\n\t\t","protected":false},"excerpt":{"rendered":"<p>\u00c9v\u00e8nements \u00e0 venir 08 Juin 08 Juin HC3P &#8211; 01 08-06-2025 &#8211; &#8211; 07 Juin 07 Juin Haut comme 3 pommes 07-06-2025 _ 17:00 &#8211; Le Landreau 13 Mai 13 Mai Haut comme 3 pommes 2 &#8211; Trignac 13-05-2025 _ 17:00 &#8211; Trignac<\/p>\n","protected":false},"author":1,"featured_media":0,"parent":0,"menu_order":0,"comment_status":"closed","ping_status":"closed","template":"","meta":{"footnotes":""},"class_list":["post-805","page","type-page","status-publish","hentry","clearfix"],"yoast_head":"<!-- This site is optimized with the Yoast SEO plugin v26.4 - https:\/\/yoast.com\/wordpress\/plugins\/seo\/ -->\n<title>El\u00e9ments \u00e0 venir - Compagnie La Graine Bleue<\/title>\n<meta name=\"robots\" content=\"index, follow, max-snippet:-1, max-image-preview:large, max-video-preview:-1\" \/>\n<link rel=\"canonical\" href=\"http:\/\/lagrainebleue.fr\/index.php\/elements-a-venir\/\" \/>\n<meta property=\"og:locale\" content=\"fr_FR\" \/>\n<meta property=\"og:type\" content=\"article\" \/>\n<meta property=\"og:title\" content=\"El\u00e9ments \u00e0 venir - Compagnie La Graine Bleue\" \/>\n<meta property=\"og:description\" content=\"\u00c9v\u00e8nements \u00e0 venir 08 Juin 08 Juin HC3P &#8211; 01 08-06-2025 &#8211; &#8211; 07 Juin 07 Juin Haut comme 3 pommes 07-06-2025 _ 17:00 &#8211; Le Landreau 13 Mai 13 Mai Haut comme 3 pommes 2 &#8211; Trignac 13-05-2025 _ 17:00 &#8211; Trignac\" \/>\n<meta property=\"og:url\" content=\"http:\/\/lagrainebleue.fr\/index.php\/elements-a-venir\/\" \/>\n<meta property=\"og:site_name\" content=\"Compagnie La Graine Bleue\" \/>\n<meta property=\"article:modified_time\" content=\"2025-04-14T16:33:52+00:00\" \/>\n<meta name=\"twitter:card\" content=\"summary_large_image\" \/>\n<script type=\"application\/ld+json\" class=\"yoast-schema-graph\">{\"@context\":\"https:\/\/schema.org\",\"@graph\":[{\"@type\":\"WebPage\",\"@id\":\"http:\/\/lagrainebleue.fr\/index.php\/elements-a-venir\/\",\"url\":\"http:\/\/lagrainebleue.fr\/index.php\/elements-a-venir\/\",\"name\":\"El\u00e9ments \u00e0 venir - Compagnie La Graine Bleue\",\"isPartOf\":{\"@id\":\"http:\/\/lagrainebleue.fr\/#website\"},\"datePublished\":\"2025-04-14T16:32:08+00:00\",\"dateModified\":\"2025-04-14T16:33:52+00:00\",\"breadcrumb\":{\"@id\":\"http:\/\/lagrainebleue.fr\/index.php\/elements-a-venir\/#breadcrumb\"},\"inLanguage\":\"fr-FR\",\"potentialAction\":[{\"@type\":\"ReadAction\",\"target\":[\"http:\/\/lagrainebleue.fr\/index.php\/elements-a-venir\/\"]}]},{\"@type\":\"BreadcrumbList\",\"@id\":\"http:\/\/lagrainebleue.fr\/index.php\/elements-a-venir\/#breadcrumb\",\"itemListElement\":[{\"@type\":\"ListItem\",\"position\":1,\"name\":\"Accueil\",\"item\":\"http:\/\/lagrainebleue.fr\/\"},{\"@type\":\"ListItem\",\"position\":2,\"name\":\"El\u00e9ments \u00e0 venir\"}]},{\"@type\":\"WebSite\",\"@id\":\"http:\/\/lagrainebleue.fr\/#website\",\"url\":\"http:\/\/lagrainebleue.fr\/\",\"name\":\"Compagnie La Graine Bleue\",\"description\":\"Th\u00e9\u00e2tre &amp; LSF ....................... &gt;&gt; Site en construction\",\"potentialAction\":[{\"@type\":\"SearchAction\",\"target\":{\"@type\":\"EntryPoint\",\"urlTemplate\":\"http:\/\/lagrainebleue.fr\/?s={search_term_string}\"},\"query-input\":{\"@type\":\"PropertyValueSpecification\",\"valueRequired\":true,\"valueName\":\"search_term_string\"}}],\"inLanguage\":\"fr-FR\"}]}<\/script>\n<!-- \/ Yoast SEO plugin. -->","yoast_head_json":{"title":"El\u00e9ments \u00e0 venir - Compagnie La Graine Bleue","robots":{"index":"index","follow":"follow","max-snippet":"max-snippet:-1","max-image-preview":"max-image-preview:large","max-video-preview":"max-video-preview:-1"},"canonical":"http:\/\/lagrainebleue.fr\/index.php\/elements-a-venir\/","og_locale":"fr_FR","og_type":"article","og_title":"El\u00e9ments \u00e0 venir - Compagnie La Graine Bleue","og_description":"\u00c9v\u00e8nements \u00e0 venir 08 Juin 08 Juin HC3P &#8211; 01 08-06-2025 &#8211; &#8211; 07 Juin 07 Juin Haut comme 3 pommes 07-06-2025 _ 17:00 &#8211; Le Landreau 13 Mai 13 Mai Haut comme 3 pommes 2 &#8211; Trignac 13-05-2025 _ 17:00 &#8211; Trignac","og_url":"http:\/\/lagrainebleue.fr\/index.php\/elements-a-venir\/","og_site_name":"Compagnie La Graine Bleue","article_modified_time":"2025-04-14T16:33:52+00:00","twitter_card":"summary_large_image","schema":{"@context":"https:\/\/schema.org","@graph":[{"@type":"WebPage","@id":"http:\/\/lagrainebleue.fr\/index.php\/elements-a-venir\/","url":"http:\/\/lagrainebleue.fr\/index.php\/elements-a-venir\/","name":"El\u00e9ments \u00e0 venir - Compagnie La Graine Bleue","isPartOf":{"@id":"http:\/\/lagrainebleue.fr\/#website"},"datePublished":"2025-04-14T16:32:08+00:00","dateModified":"2025-04-14T16:33:52+00:00","breadcrumb":{"@id":"http:\/\/lagrainebleue.fr\/index.php\/elements-a-venir\/#breadcrumb"},"inLanguage":"fr-FR","potentialAction":[{"@type":"ReadAction","target":["http:\/\/lagrainebleue.fr\/index.php\/elements-a-venir\/"]}]},{"@type":"BreadcrumbList","@id":"http:\/\/lagrainebleue.fr\/index.php\/elements-a-venir\/#breadcrumb","itemListElement":[{"@type":"ListItem","position":1,"name":"Accueil","item":"http:\/\/lagrainebleue.fr\/"},{"@type":"ListItem","position":2,"name":"El\u00e9ments \u00e0 venir"}]},{"@type":"WebSite","@id":"http:\/\/lagrainebleue.fr\/#website","url":"http:\/\/lagrainebleue.fr\/","name":"Compagnie La Graine Bleue","description":"Th\u00e9\u00e2tre &amp; LSF ....................... &gt;&gt; Site en construction","potentialAction":[{"@type":"SearchAction","target":{"@type":"EntryPoint","urlTemplate":"http:\/\/lagrainebleue.fr\/?s={search_term_string}"},"query-input":{"@type":"PropertyValueSpecification","valueRequired":true,"valueName":"search_term_string"}}],"inLanguage":"fr-FR"}]}},"_links":{"self":[{"href":"http:\/\/lagrainebleue.fr\/index.php\/wp-json\/wp\/v2\/pages\/805","targetHints":{"allow":["GET"]}}],"collection":[{"href":"http:\/\/lagrainebleue.fr\/index.php\/wp-json\/wp\/v2\/pages"}],"about":[{"href":"http:\/\/lagrainebleue.fr\/index.php\/wp-json\/wp\/v2\/types\/page"}],"author":[{"embeddable":true,"href":"http:\/\/lagrainebleue.fr\/index.php\/wp-json\/wp\/v2\/users\/1"}],"replies":[{"embeddable":true,"href":"http:\/\/lagrainebleue.fr\/index.php\/wp-json\/wp\/v2\/comments?post=805"}],"version-history":[{"count":4,"href":"http:\/\/lagrainebleue.fr\/index.php\/wp-json\/wp\/v2\/pages\/805\/revisions"}],"predecessor-version":[{"id":809,"href":"http:\/\/lagrainebleue.fr\/index.php\/wp-json\/wp\/v2\/pages\/805\/revisions\/809"}],"wp:attachment":[{"href":"http:\/\/lagrainebleue.fr\/index.php\/wp-json\/wp\/v2\/media?parent=805"}],"curies":[{"name":"wp","href":"https:\/\/api.w.org\/{rel}","templated":true}]}}