{"id":10,"date":"2025-02-10T14:06:14","date_gmt":"2025-02-10T13:06:14","guid":{"rendered":"https:\/\/lagrainebleue.fr\/?page_id=10"},"modified":"2025-02-12T15:20:00","modified_gmt":"2025-02-12T14:20:00","slug":"la-compagnie","status":"publish","type":"page","link":"https:\/\/lagrainebleue.fr\/index.php\/la-compagnie\/","title":{"rendered":"La compagnie"},"content":{"rendered":"\t\t<div data-elementor-type=\"wp-page\" data-elementor-id=\"10\" class=\"elementor elementor-10\">\n\t\t\t\t<div class=\"elementor-element elementor-element-766deb8 e-con-full e-flex e-con e-parent\" data-id=\"766deb8\" data-element_type=\"container\">\n\t\t\t\t<div class=\"elementor-element elementor-element-59f3f6f elementor-widget elementor-widget-text-editor\" data-id=\"59f3f6f\" data-element_type=\"widget\" data-widget_type=\"text-editor.default\">\n\t\t\t\t<div class=\"elementor-widget-container\">\n\t\t\t\t\t\t\t\t\t<p><strong>\u00a0<\/strong><\/p><p><strong>Tourn\u00e9e vers la jeunesse, la compagnie La Graine Bleue souhaite avant tout, \u00e0 travers ses spectacles et ses interventions, \u00eatre vecteur de cr\u00e9ation et de r\u00e9flexion, de pratique artistique et d\u2019exp\u00e9rimentation, d\u2019\u00e9change et d\u2019\u00e9quit\u00e9, et ce, dans une transversalit\u00e9 sociale et g\u00e9n\u00e9rationnelle.\u00a0<\/strong><\/p><p><!-- \/wp:paragraph --><\/p><p><!-- wp:paragraph --><\/p><p>Avide de sens, la compagnie propose des spectacles exigeants et accessibles \u00e0 tous, ancr\u00e9s au c\u0153ur de la soci\u00e9t\u00e9 ou de ses grandes questions humaines, et ce \u00e0 l\u2019\u00e9chelle de son public. Vient alors r\u00e9sonner des \u00e9motions, toucher des interrogations, amener la r\u00e9flexion, et ce avec po\u00e9sie. Nous intervenons autant dans les th\u00e9\u00e2tres que les m\u00e9diath\u00e8ques, les structures de la petite enfance ou les \u00e9coles pour cr\u00e9er du lien \u00e0 travers des ateliers d\u2019\u00e9veil, de sensibilisation, des rencontres artistiques parents-enfants, des lectures vivantes et bien s\u00fbr\u2026 des spectacles.<\/p><p><!-- \/wp:paragraph --><\/p><p><!-- wp:paragraph --><\/p><p><strong>La pluralit\u00e9 des interventions dessine 3 axes :\u00a0<br \/><\/strong><strong style=\"font-size: 15px; color: var( --e-global-color-text );\">la cr\u00e9ation jeune public, la pratique amateur et\u00a0<\/strong><strong style=\"font-size: 15px; color: var( --e-global-color-text );\">la sensibilisation \u00e0 la LSF<\/strong><\/p><p><strong style=\"font-size: 15px; color: var( --e-global-color-text );\">\u00a0<\/strong><\/p><p><strong style=\"font-size: 15px; color: var( --e-global-color-text );\">\u00a0<\/strong><\/p><p><strong style=\"font-size: 15px; color: var( --e-global-color-text );\">\u00a0<\/strong><\/p><p><!-- \/wp:paragraph --><\/p>\t\t\t\t\t\t\t\t<\/div>\n\t\t\t\t<\/div>\n\t\t\t\t<\/div>\n\t\t<div class=\"elementor-element elementor-element-46214be e-grid e-con-full e-con e-parent\" data-id=\"46214be\" data-element_type=\"container\">\n\t\t\t\t<div class=\"elementor-element elementor-element-daee142 elementor-widget elementor-widget-image\" data-id=\"daee142\" data-element_type=\"widget\" data-widget_type=\"image.default\">\n\t\t\t\t<div class=\"elementor-widget-container\">\n\t\t\t\t\t\t\t\t\t\t\t\t\t\t\t<img fetchpriority=\"high\" decoding=\"async\" width=\"790\" height=\"790\" src=\"https:\/\/lagrainebleue.fr\/wp-content\/uploads\/2025\/02\/06-1024x1024.jpg\" class=\"attachment-large size-large wp-image-66\" alt=\"\" srcset=\"https:\/\/lagrainebleue.fr\/wp-content\/uploads\/2025\/02\/06-1024x1024.jpg 1024w, https:\/\/lagrainebleue.fr\/wp-content\/uploads\/2025\/02\/06-300x300.jpg 300w, https:\/\/lagrainebleue.fr\/wp-content\/uploads\/2025\/02\/06-150x150.jpg 150w, https:\/\/lagrainebleue.fr\/wp-content\/uploads\/2025\/02\/06-768x768.jpg 768w, https:\/\/lagrainebleue.fr\/wp-content\/uploads\/2025\/02\/06-1536x1536.jpg 1536w, https:\/\/lagrainebleue.fr\/wp-content\/uploads\/2025\/02\/06-2048x2048.jpg 2048w\" sizes=\"(max-width: 790px) 100vw, 790px\" \/>\t\t\t\t\t\t\t\t\t\t\t\t\t\t\t<\/div>\n\t\t\t\t<\/div>\n\t\t\t\t<div class=\"elementor-element elementor-element-a2f7d68 elementor-widget elementor-widget-image\" data-id=\"a2f7d68\" data-element_type=\"widget\" data-widget_type=\"image.default\">\n\t\t\t\t<div class=\"elementor-widget-container\">\n\t\t\t\t\t\t\t\t\t\t\t\t\t\t\t<img decoding=\"async\" width=\"790\" height=\"790\" src=\"https:\/\/lagrainebleue.fr\/wp-content\/uploads\/2025\/02\/07-1024x1024.jpg\" class=\"attachment-large size-large wp-image-71\" alt=\"\" srcset=\"https:\/\/lagrainebleue.fr\/wp-content\/uploads\/2025\/02\/07-1024x1024.jpg 1024w, https:\/\/lagrainebleue.fr\/wp-content\/uploads\/2025\/02\/07-300x300.jpg 300w, https:\/\/lagrainebleue.fr\/wp-content\/uploads\/2025\/02\/07-150x150.jpg 150w, https:\/\/lagrainebleue.fr\/wp-content\/uploads\/2025\/02\/07-768x768.jpg 768w, https:\/\/lagrainebleue.fr\/wp-content\/uploads\/2025\/02\/07-1536x1536.jpg 1536w, https:\/\/lagrainebleue.fr\/wp-content\/uploads\/2025\/02\/07-2048x2048.jpg 2048w\" sizes=\"(max-width: 790px) 100vw, 790px\" \/>\t\t\t\t\t\t\t\t\t\t\t\t\t\t\t<\/div>\n\t\t\t\t<\/div>\n\t\t\t\t<div class=\"elementor-element elementor-element-6dcb945 elementor-widget elementor-widget-image\" data-id=\"6dcb945\" data-element_type=\"widget\" data-widget_type=\"image.default\">\n\t\t\t\t<div class=\"elementor-widget-container\">\n\t\t\t\t\t\t\t\t\t\t\t\t\t\t\t<img decoding=\"async\" width=\"790\" height=\"790\" src=\"https:\/\/lagrainebleue.fr\/wp-content\/uploads\/2025\/02\/DSC_4711-1024x1024.jpg\" class=\"attachment-large size-large wp-image-63\" alt=\"\" srcset=\"https:\/\/lagrainebleue.fr\/wp-content\/uploads\/2025\/02\/DSC_4711-1024x1024.jpg 1024w, https:\/\/lagrainebleue.fr\/wp-content\/uploads\/2025\/02\/DSC_4711-300x300.jpg 300w, https:\/\/lagrainebleue.fr\/wp-content\/uploads\/2025\/02\/DSC_4711-150x150.jpg 150w, https:\/\/lagrainebleue.fr\/wp-content\/uploads\/2025\/02\/DSC_4711-768x768.jpg 768w, https:\/\/lagrainebleue.fr\/wp-content\/uploads\/2025\/02\/DSC_4711-1536x1536.jpg 1536w, https:\/\/lagrainebleue.fr\/wp-content\/uploads\/2025\/02\/DSC_4711-2048x2048.jpg 2048w\" sizes=\"(max-width: 790px) 100vw, 790px\" \/>\t\t\t\t\t\t\t\t\t\t\t\t\t\t\t<\/div>\n\t\t\t\t<\/div>\n\t\t\t\t<div class=\"elementor-element elementor-element-3ee9538 elementor-widget elementor-widget-heading\" data-id=\"3ee9538\" data-element_type=\"widget\" data-widget_type=\"heading.default\">\n\t\t\t\t<div class=\"elementor-widget-container\">\n\t\t\t\t\t<h4 class=\"elementor-heading-title elementor-size-default\">Spectacles<\/h4>\t\t\t\t<\/div>\n\t\t\t\t<\/div>\n\t\t\t\t<div class=\"elementor-element elementor-element-7c5c0f5 elementor-widget elementor-widget-heading\" data-id=\"7c5c0f5\" data-element_type=\"widget\" data-widget_type=\"heading.default\">\n\t\t\t\t<div class=\"elementor-widget-container\">\n\t\t\t\t\t<h4 class=\"elementor-heading-title elementor-size-default\">Pratique amateur<\/h4>\t\t\t\t<\/div>\n\t\t\t\t<\/div>\n\t\t\t\t<div class=\"elementor-element elementor-element-0194d1b elementor-widget elementor-widget-heading\" data-id=\"0194d1b\" data-element_type=\"widget\" data-widget_type=\"heading.default\">\n\t\t\t\t<div class=\"elementor-widget-container\">\n\t\t\t\t\t<h4 class=\"elementor-heading-title elementor-size-default\">Langue des signes<\/h4>\t\t\t\t<\/div>\n\t\t\t\t<\/div>\n\t\t\t\t<\/div>\n\t\t\t\t<\/div>\n\t\t","protected":false},"excerpt":{"rendered":"<p>\u00a0 Tourn\u00e9e vers la jeunesse, la compagnie La Graine Bleue souhaite avant tout, \u00e0 travers ses spectacles et ses interventions, \u00eatre vecteur de cr\u00e9ation et de r\u00e9flexion, de pratique artistique et d\u2019exp\u00e9rimentation, d\u2019\u00e9change et d\u2019\u00e9quit\u00e9, et ce, dans une transversalit\u00e9 sociale et g\u00e9n\u00e9rationnelle.\u00a0 Avide de sens, la compagnie propose des spectacles exigeants et accessibles \u00e0 tous, ancr\u00e9s au c\u0153ur de la soci\u00e9t\u00e9 ou de ses&hellip; <\/p>\n","protected":false},"author":1,"featured_media":0,"parent":0,"menu_order":0,"comment_status":"closed","ping_status":"closed","template":"","meta":{"footnotes":""},"class_list":["post-10","page","type-page","status-publish","hentry","clearfix"],"yoast_head":"<!-- This site is optimized with the Yoast SEO plugin v26.4 - https:\/\/yoast.com\/wordpress\/plugins\/seo\/ -->\n<title>La compagnie - Compagnie La Graine Bleue<\/title>\n<meta name=\"robots\" content=\"index, follow, max-snippet:-1, max-image-preview:large, max-video-preview:-1\" \/>\n<link rel=\"canonical\" href=\"https:\/\/lagrainebleue.fr\/index.php\/la-compagnie\/\" \/>\n<meta property=\"og:locale\" content=\"fr_FR\" \/>\n<meta property=\"og:type\" content=\"article\" \/>\n<meta property=\"og:title\" content=\"La compagnie - Compagnie La Graine Bleue\" \/>\n<meta property=\"og:description\" content=\"\u00a0 Tourn\u00e9e vers la jeunesse, la compagnie La Graine Bleue souhaite avant tout, \u00e0 travers ses spectacles et ses interventions, \u00eatre vecteur de cr\u00e9ation et de r\u00e9flexion, de pratique artistique et d\u2019exp\u00e9rimentation, d\u2019\u00e9change et d\u2019\u00e9quit\u00e9, et ce, dans une transversalit\u00e9 sociale et g\u00e9n\u00e9rationnelle.\u00a0 Avide de sens, la compagnie propose des spectacles exigeants et accessibles \u00e0 tous, ancr\u00e9s au c\u0153ur de la soci\u00e9t\u00e9 ou de ses&hellip;\" \/>\n<meta property=\"og:url\" content=\"https:\/\/lagrainebleue.fr\/index.php\/la-compagnie\/\" \/>\n<meta property=\"og:site_name\" content=\"Compagnie La Graine Bleue\" \/>\n<meta property=\"article:modified_time\" content=\"2025-02-12T14:20:00+00:00\" \/>\n<meta property=\"og:image\" content=\"http:\/\/lagrainebleue.fr\/wp-content\/uploads\/2025\/02\/06-1024x1024.jpg\" \/>\n<meta name=\"twitter:card\" content=\"summary_large_image\" \/>\n<meta name=\"twitter:label1\" content=\"Dur\u00e9e de lecture estim\u00e9e\" \/>\n\t<meta name=\"twitter:data1\" content=\"2 minutes\" \/>\n<script type=\"application\/ld+json\" class=\"yoast-schema-graph\">{\"@context\":\"https:\/\/schema.org\",\"@graph\":[{\"@type\":\"WebPage\",\"@id\":\"https:\/\/lagrainebleue.fr\/index.php\/la-compagnie\/\",\"url\":\"https:\/\/lagrainebleue.fr\/index.php\/la-compagnie\/\",\"name\":\"La compagnie - Compagnie La Graine Bleue\",\"isPartOf\":{\"@id\":\"https:\/\/lagrainebleue.fr\/#website\"},\"primaryImageOfPage\":{\"@id\":\"https:\/\/lagrainebleue.fr\/index.php\/la-compagnie\/#primaryimage\"},\"image\":{\"@id\":\"https:\/\/lagrainebleue.fr\/index.php\/la-compagnie\/#primaryimage\"},\"thumbnailUrl\":\"http:\/\/lagrainebleue.fr\/wp-content\/uploads\/2025\/02\/06-1024x1024.jpg\",\"datePublished\":\"2025-02-10T13:06:14+00:00\",\"dateModified\":\"2025-02-12T14:20:00+00:00\",\"breadcrumb\":{\"@id\":\"https:\/\/lagrainebleue.fr\/index.php\/la-compagnie\/#breadcrumb\"},\"inLanguage\":\"fr-FR\",\"potentialAction\":[{\"@type\":\"ReadAction\",\"target\":[\"https:\/\/lagrainebleue.fr\/index.php\/la-compagnie\/\"]}]},{\"@type\":\"ImageObject\",\"inLanguage\":\"fr-FR\",\"@id\":\"https:\/\/lagrainebleue.fr\/index.php\/la-compagnie\/#primaryimage\",\"url\":\"https:\/\/lagrainebleue.fr\/wp-content\/uploads\/2025\/02\/06.jpg\",\"contentUrl\":\"https:\/\/lagrainebleue.fr\/wp-content\/uploads\/2025\/02\/06.jpg\",\"width\":2409,\"height\":2409},{\"@type\":\"BreadcrumbList\",\"@id\":\"https:\/\/lagrainebleue.fr\/index.php\/la-compagnie\/#breadcrumb\",\"itemListElement\":[{\"@type\":\"ListItem\",\"position\":1,\"name\":\"Accueil\",\"item\":\"https:\/\/lagrainebleue.fr\/\"},{\"@type\":\"ListItem\",\"position\":2,\"name\":\"La compagnie\"}]},{\"@type\":\"WebSite\",\"@id\":\"https:\/\/lagrainebleue.fr\/#website\",\"url\":\"https:\/\/lagrainebleue.fr\/\",\"name\":\"Compagnie La Graine Bleue\",\"description\":\"Th\u00e9\u00e2tre &amp; LSF ....................... &gt;&gt; Site en construction\",\"potentialAction\":[{\"@type\":\"SearchAction\",\"target\":{\"@type\":\"EntryPoint\",\"urlTemplate\":\"https:\/\/lagrainebleue.fr\/?s={search_term_string}\"},\"query-input\":{\"@type\":\"PropertyValueSpecification\",\"valueRequired\":true,\"valueName\":\"search_term_string\"}}],\"inLanguage\":\"fr-FR\"}]}<\/script>\n<!-- \/ Yoast SEO plugin. -->","yoast_head_json":{"title":"La compagnie - Compagnie La Graine Bleue","robots":{"index":"index","follow":"follow","max-snippet":"max-snippet:-1","max-image-preview":"max-image-preview:large","max-video-preview":"max-video-preview:-1"},"canonical":"https:\/\/lagrainebleue.fr\/index.php\/la-compagnie\/","og_locale":"fr_FR","og_type":"article","og_title":"La compagnie - Compagnie La Graine Bleue","og_description":"\u00a0 Tourn\u00e9e vers la jeunesse, la compagnie La Graine Bleue souhaite avant tout, \u00e0 travers ses spectacles et ses interventions, \u00eatre vecteur de cr\u00e9ation et de r\u00e9flexion, de pratique artistique et d\u2019exp\u00e9rimentation, d\u2019\u00e9change et d\u2019\u00e9quit\u00e9, et ce, dans une transversalit\u00e9 sociale et g\u00e9n\u00e9rationnelle.\u00a0 Avide de sens, la compagnie propose des spectacles exigeants et accessibles \u00e0 tous, ancr\u00e9s au c\u0153ur de la soci\u00e9t\u00e9 ou de ses&hellip;","og_url":"https:\/\/lagrainebleue.fr\/index.php\/la-compagnie\/","og_site_name":"Compagnie La Graine Bleue","article_modified_time":"2025-02-12T14:20:00+00:00","og_image":[{"url":"http:\/\/lagrainebleue.fr\/wp-content\/uploads\/2025\/02\/06-1024x1024.jpg","type":"","width":"","height":""}],"twitter_card":"summary_large_image","twitter_misc":{"Dur\u00e9e de lecture estim\u00e9e":"2 minutes"},"schema":{"@context":"https:\/\/schema.org","@graph":[{"@type":"WebPage","@id":"https:\/\/lagrainebleue.fr\/index.php\/la-compagnie\/","url":"https:\/\/lagrainebleue.fr\/index.php\/la-compagnie\/","name":"La compagnie - Compagnie La Graine Bleue","isPartOf":{"@id":"https:\/\/lagrainebleue.fr\/#website"},"primaryImageOfPage":{"@id":"https:\/\/lagrainebleue.fr\/index.php\/la-compagnie\/#primaryimage"},"image":{"@id":"https:\/\/lagrainebleue.fr\/index.php\/la-compagnie\/#primaryimage"},"thumbnailUrl":"http:\/\/lagrainebleue.fr\/wp-content\/uploads\/2025\/02\/06-1024x1024.jpg","datePublished":"2025-02-10T13:06:14+00:00","dateModified":"2025-02-12T14:20:00+00:00","breadcrumb":{"@id":"https:\/\/lagrainebleue.fr\/index.php\/la-compagnie\/#breadcrumb"},"inLanguage":"fr-FR","potentialAction":[{"@type":"ReadAction","target":["https:\/\/lagrainebleue.fr\/index.php\/la-compagnie\/"]}]},{"@type":"ImageObject","inLanguage":"fr-FR","@id":"https:\/\/lagrainebleue.fr\/index.php\/la-compagnie\/#primaryimage","url":"https:\/\/lagrainebleue.fr\/wp-content\/uploads\/2025\/02\/06.jpg","contentUrl":"https:\/\/lagrainebleue.fr\/wp-content\/uploads\/2025\/02\/06.jpg","width":2409,"height":2409},{"@type":"BreadcrumbList","@id":"https:\/\/lagrainebleue.fr\/index.php\/la-compagnie\/#breadcrumb","itemListElement":[{"@type":"ListItem","position":1,"name":"Accueil","item":"https:\/\/lagrainebleue.fr\/"},{"@type":"ListItem","position":2,"name":"La compagnie"}]},{"@type":"WebSite","@id":"https:\/\/lagrainebleue.fr\/#website","url":"https:\/\/lagrainebleue.fr\/","name":"Compagnie La Graine Bleue","description":"Th\u00e9\u00e2tre &amp; LSF ....................... &gt;&gt; Site en construction","potentialAction":[{"@type":"SearchAction","target":{"@type":"EntryPoint","urlTemplate":"https:\/\/lagrainebleue.fr\/?s={search_term_string}"},"query-input":{"@type":"PropertyValueSpecification","valueRequired":true,"valueName":"search_term_string"}}],"inLanguage":"fr-FR"}]}},"_links":{"self":[{"href":"https:\/\/lagrainebleue.fr\/index.php\/wp-json\/wp\/v2\/pages\/10","targetHints":{"allow":["GET"]}}],"collection":[{"href":"https:\/\/lagrainebleue.fr\/index.php\/wp-json\/wp\/v2\/pages"}],"about":[{"href":"https:\/\/lagrainebleue.fr\/index.php\/wp-json\/wp\/v2\/types\/page"}],"author":[{"embeddable":true,"href":"https:\/\/lagrainebleue.fr\/index.php\/wp-json\/wp\/v2\/users\/1"}],"replies":[{"embeddable":true,"href":"https:\/\/lagrainebleue.fr\/index.php\/wp-json\/wp\/v2\/comments?post=10"}],"version-history":[{"count":34,"href":"https:\/\/lagrainebleue.fr\/index.php\/wp-json\/wp\/v2\/pages\/10\/revisions"}],"predecessor-version":[{"id":112,"href":"https:\/\/lagrainebleue.fr\/index.php\/wp-json\/wp\/v2\/pages\/10\/revisions\/112"}],"wp:attachment":[{"href":"https:\/\/lagrainebleue.fr\/index.php\/wp-json\/wp\/v2\/media?parent=10"}],"curies":[{"name":"wp","href":"https:\/\/api.w.org\/{rel}","templated":true}]}}