{"id":14,"date":"2025-02-10T14:06:54","date_gmt":"2025-02-10T13:06:54","guid":{"rendered":"https:\/\/lagrainebleue.fr\/?page_id=14"},"modified":"2025-04-19T14:53:50","modified_gmt":"2025-04-19T12:53:50","slug":"agenda","status":"publish","type":"page","link":"https:\/\/lagrainebleue.fr\/index.php\/agenda\/","title":{"rendered":"Agenda"},"content":{"rendered":"\t\t<div data-elementor-type=\"wp-page\" data-elementor-id=\"14\" class=\"elementor elementor-14\">\n\t\t\t\t<div class=\"elementor-element elementor-element-dc12578 e-flex e-con-boxed e-con e-parent\" data-id=\"dc12578\" data-element_type=\"container\">\n\t\t\t\t\t<div class=\"e-con-inner\">\n\t\t\t\t<div class=\"elementor-element elementor-element-782a597 elementor-widget elementor-widget-heading\" data-id=\"782a597\" data-element_type=\"widget\" data-widget_type=\"heading.default\">\n\t\t\t\t<div class=\"elementor-widget-container\">\n\t\t\t\t\t<h1 class=\"elementor-heading-title elementor-size-default\">AGENDA<\/h1>\t\t\t\t<\/div>\n\t\t\t\t<\/div>\n\t\t\t\t\t<\/div>\n\t\t\t\t<\/div>\n\t\t<div class=\"elementor-element elementor-element-44e6133 e-flex e-con-boxed e-con e-parent\" data-id=\"44e6133\" data-element_type=\"container\">\n\t\t\t\t\t<div class=\"e-con-inner\">\n\t\t\t\t<div class=\"elementor-element elementor-element-e0bfdc7 elementor-widget elementor-widget-spacer\" data-id=\"e0bfdc7\" data-element_type=\"widget\" data-widget_type=\"spacer.default\">\n\t\t\t\t<div class=\"elementor-widget-container\">\n\t\t\t\t\t\t\t<div class=\"elementor-spacer\">\n\t\t\t<div class=\"elementor-spacer-inner\"><\/div>\n\t\t<\/div>\n\t\t\t\t\t\t<\/div>\n\t\t\t\t<\/div>\n\t\t\t\t\t<\/div>\n\t\t\t\t<\/div>\n\t\t<div class=\"elementor-element elementor-element-ae9ccbb e-flex e-con-boxed e-con e-parent\" data-id=\"ae9ccbb\" data-element_type=\"container\">\n\t\t\t\t\t<div class=\"e-con-inner\">\n\t\t\t\t<div class=\"elementor-element elementor-element-ac13501 elementor-widget elementor-widget-heading\" data-id=\"ac13501\" data-element_type=\"widget\" data-widget_type=\"heading.default\">\n\t\t\t\t<div class=\"elementor-widget-container\">\n\t\t\t\t\t<h2 class=\"elementor-heading-title elementor-size-default\">Nos prochaines dates<\/h2>\t\t\t\t<\/div>\n\t\t\t\t<\/div>\n\t\t\t\t\t<\/div>\n\t\t\t\t<\/div>\n\t\t<div class=\"elementor-element elementor-element-ab02c31 e-flex e-con-boxed e-con e-parent\" data-id=\"ab02c31\" data-element_type=\"container\">\n\t\t\t\t\t<div class=\"e-con-inner\">\n\t\t\t\t<div class=\"elementor-element elementor-element-1fc87c7 elementor-widget elementor-widget-the-events-calendar-addon\" data-id=\"1fc87c7\" data-element_type=\"widget\" data-widget_type=\"the-events-calendar-addon.default\">\n\t\t\t\t<div class=\"elementor-widget-container\">\n\t\t\t\t\t<!=========Events minimal-list Template 1.6.27=========><div id=\"ectbe-wrapper-1fc87c7\" class=\"ectbe-wrapper ectbe-minimal-list-wrapper style-1\"><h3>There is no Event<\/h3><\/div>\t\t\t\t<\/div>\n\t\t\t\t<\/div>\n\t\t\t\t<div class=\"elementor-element elementor-element-c4e5a0c elementor-widget elementor-widget-spacer\" data-id=\"c4e5a0c\" data-element_type=\"widget\" data-widget_type=\"spacer.default\">\n\t\t\t\t<div class=\"elementor-widget-container\">\n\t\t\t\t\t\t\t<div class=\"elementor-spacer\">\n\t\t\t<div class=\"elementor-spacer-inner\"><\/div>\n\t\t<\/div>\n\t\t\t\t\t\t<\/div>\n\t\t\t\t<\/div>\n\t\t\t\t<div class=\"elementor-element elementor-element-eb5a464 elementor-widget elementor-widget-heading\" data-id=\"eb5a464\" data-element_type=\"widget\" data-widget_type=\"heading.default\">\n\t\t\t\t<div class=\"elementor-widget-container\">\n\t\t\t\t\t<h4 class=\"elementor-heading-title elementor-size-default\">Dates pass\u00e9es<\/h4>\t\t\t\t<\/div>\n\t\t\t\t<\/div>\n\t\t\t\t\t<\/div>\n\t\t\t\t<\/div>\n\t\t<div class=\"elementor-element elementor-element-87d81d4 e-flex e-con-boxed e-con e-parent\" data-id=\"87d81d4\" data-element_type=\"container\">\n\t\t\t\t\t<div class=\"e-con-inner\">\n\t\t\t\t<div class=\"elementor-element elementor-element-1dcc1c3 elementor-widget elementor-widget-the-events-calendar-addon\" data-id=\"1dcc1c3\" data-element_type=\"widget\" data-widget_type=\"the-events-calendar-addon.default\">\n\t\t\t\t<div class=\"elementor-widget-container\">\n\t\t\t\t\t<!=========Events minimal-list Template 1.6.27=========><div id=\"ectbe-wrapper-1dcc1c3\" class=\"ectbe-wrapper ectbe-minimal-list-wrapper style-1\"><div id=\"event-1152\" class=\"ectbe-inner-wrapper ectbe-simple-event\"><div id=\"ectbe-date\" class=\"ectbe-date-area\">\n\t\t\t\t\t\t<span class=\"ectbe-ev-mo\">F\u00e9v<\/span>\n\t\t\t\t\t\t<span class=\"ectbe-ev-day\">05<\/span>\n\t\t\t\t\t<\/div><div class=\"ectbe-content-box\"><div class=\"ectbe-evt-time\"><i class=\"ectbe-icon-clock\"><\/i>9h15 - 10h30<\/div><div class=\"ectbe-evt-title\"><a class=\"ectbe-evt-url\" href=\"https:\/\/lagrainebleue.fr\/index.php\/event\/haut-comme-3-pommes-nantes-2\/\">Haut comme 3 pommes \u2013 Nantes<\/a><\/div><div class=\"ectbe-evt-more-box\"><a class=\"ectbe-evt-read-more\" href=\"https:\/\/lagrainebleue.fr\/index.php\/event\/haut-comme-3-pommes-nantes-2\/\">Find out more<\/a><\/div><\/div><\/div><div id=\"event-1154\" class=\"ectbe-inner-wrapper ectbe-simple-event\"><div id=\"ectbe-date\" class=\"ectbe-date-area\">\n\t\t\t\t\t\t<span class=\"ectbe-ev-mo\">Jan<\/span>\n\t\t\t\t\t\t<span class=\"ectbe-ev-day\">16<\/span>\n\t\t\t\t\t<\/div><div class=\"ectbe-content-box\"><div class=\"ectbe-evt-time\"><i class=\"ectbe-icon-clock\"><\/i>19h30<\/div><div class=\"ectbe-evt-title\"><a class=\"ectbe-evt-url\" href=\"https:\/\/lagrainebleue.fr\/index.php\/event\/dans-ma-boite-a-histoires-il-y-a-lecture-dans-le-noir\/\">Dans ma bo\u00eete \u00e0 histoires, il y a... (lecture dans le noir)<\/a><\/div><div class=\"ectbe-evt-more-box\"><a class=\"ectbe-evt-read-more\" href=\"https:\/\/lagrainebleue.fr\/index.php\/event\/dans-ma-boite-a-histoires-il-y-a-lecture-dans-le-noir\/\">Find out more<\/a><\/div><\/div><\/div><div id=\"event-1156\" class=\"ectbe-inner-wrapper ectbe-simple-event\"><div id=\"ectbe-date\" class=\"ectbe-date-area\">\n\t\t\t\t\t\t<span class=\"ectbe-ev-mo\">D\u00e9c<\/span>\n\t\t\t\t\t\t<span class=\"ectbe-ev-day\">15<\/span>\n\t\t\t\t\t<\/div><div class=\"ectbe-content-box\"><div class=\"ectbe-evt-time\"><i class=\"ectbe-icon-clock\"><\/i>9h45<\/div><div class=\"ectbe-evt-title\"><a class=\"ectbe-evt-url\" href=\"https:\/\/lagrainebleue.fr\/index.php\/event\/dans-ma-boite-a-histoires-il-y-a-contes-du-grand-froid\/\">Dans ma bo\u00eete \u00e0 histoires, il y a... (Contes du grand froid)<\/a><\/div><div class=\"ectbe-evt-more-box\"><a class=\"ectbe-evt-read-more\" href=\"https:\/\/lagrainebleue.fr\/index.php\/event\/dans-ma-boite-a-histoires-il-y-a-contes-du-grand-froid\/\">Find out more<\/a><\/div><\/div><\/div><div id=\"event-1158\" class=\"ectbe-inner-wrapper ectbe-simple-event\"><div id=\"ectbe-date\" class=\"ectbe-date-area\">\n\t\t\t\t\t\t<span class=\"ectbe-ev-mo\">D\u00e9c<\/span>\n\t\t\t\t\t\t<span class=\"ectbe-ev-day\">11<\/span>\n\t\t\t\t\t<\/div><div class=\"ectbe-content-box\"><div class=\"ectbe-evt-time\"><i class=\"ectbe-icon-clock\"><\/i>18h30<\/div><div class=\"ectbe-evt-title\"><a class=\"ectbe-evt-url\" href=\"https:\/\/lagrainebleue.fr\/index.php\/event\/dans-ma-boite-a-histoires-il-y-a-contes-du-grand-froid-2\/\">Dans ma bo\u00eete \u00e0 histoires, il y a... (Contes du grand froid)<\/a><\/div><div class=\"ectbe-evt-more-box\"><a class=\"ectbe-evt-read-more\" href=\"https:\/\/lagrainebleue.fr\/index.php\/event\/dans-ma-boite-a-histoires-il-y-a-contes-du-grand-froid-2\/\">Find out more<\/a><\/div><\/div><\/div><div id=\"event-1146\" class=\"ectbe-inner-wrapper ectbe-simple-event\"><div id=\"ectbe-date\" class=\"ectbe-date-area\">\n\t\t\t\t\t\t<span class=\"ectbe-ev-mo\">D\u00e9c<\/span>\n\t\t\t\t\t\t<span class=\"ectbe-ev-day\">05<\/span>\n\t\t\t\t\t<\/div><div class=\"ectbe-content-box\"><div class=\"ectbe-evt-time\"><i class=\"ectbe-icon-clock\"><\/i>0h00<\/div><div class=\"ectbe-evt-title\"><a class=\"ectbe-evt-url\" href=\"https:\/\/lagrainebleue.fr\/index.php\/event\/haut-comme-3-pommes-bouguenais\/\">Haut comme 3 pommes - Bouguenais<\/a><\/div><div class=\"ectbe-evt-more-box\"><a class=\"ectbe-evt-read-more\" href=\"https:\/\/lagrainebleue.fr\/index.php\/event\/haut-comme-3-pommes-bouguenais\/\">Find out more<\/a><\/div><\/div><\/div><div id=\"event-1148\" class=\"ectbe-inner-wrapper ectbe-simple-event\"><div id=\"ectbe-date\" class=\"ectbe-date-area\">\n\t\t\t\t\t\t<span class=\"ectbe-ev-mo\">Oct<\/span>\n\t\t\t\t\t\t<span class=\"ectbe-ev-day\">30<\/span>\n\t\t\t\t\t<\/div><div class=\"ectbe-content-box\"><div class=\"ectbe-evt-time\"><i class=\"ectbe-icon-clock\"><\/i>10h30 - 15h00<\/div><div class=\"ectbe-evt-title\"><a class=\"ectbe-evt-url\" href=\"https:\/\/lagrainebleue.fr\/index.php\/event\/haut-comme-3-pommes-nantes\/\">Haut comme 3 pommes - Nantes<\/a><\/div><div class=\"ectbe-evt-more-box\"><a class=\"ectbe-evt-read-more\" href=\"https:\/\/lagrainebleue.fr\/index.php\/event\/haut-comme-3-pommes-nantes\/\">Find out more<\/a><\/div><\/div><\/div><div id=\"event-1131\" class=\"ectbe-inner-wrapper ectbe-simple-event\"><div id=\"ectbe-date\" class=\"ectbe-date-area\">\n\t\t\t\t\t\t<span class=\"ectbe-ev-mo\">Oct<\/span>\n\t\t\t\t\t\t<span class=\"ectbe-ev-day\">05<\/span>\n\t\t\t\t\t<\/div><div class=\"ectbe-content-box\"><div class=\"ectbe-evt-time\"><i class=\"ectbe-icon-clock\"><\/i>0h00<\/div><div class=\"ectbe-evt-title\"><a class=\"ectbe-evt-url\" href=\"https:\/\/lagrainebleue.fr\/index.php\/event\/haut-comme-3-pommes-festifamille-communaute-de-commune-sevre-et-loire-44\/\">Haut comme 3 pommes - Festi'Famille - Communaut\u00e9 de Commune S\u00e8vre et Loire (44)<\/a><\/div><div class=\"ectbe-evt-more-box\"><a class=\"ectbe-evt-read-more\" href=\"https:\/\/lagrainebleue.fr\/index.php\/event\/haut-comme-3-pommes-festifamille-communaute-de-commune-sevre-et-loire-44\/\">Find out more<\/a><\/div><\/div><\/div><div id=\"event-975\" class=\"ectbe-inner-wrapper ectbe-simple-event\"><div id=\"ectbe-date\" class=\"ectbe-date-area\">\n\t\t\t\t\t\t<span class=\"ectbe-ev-mo\">Juin<\/span>\n\t\t\t\t\t\t<span class=\"ectbe-ev-day\">25<\/span>\n\t\t\t\t\t<\/div><div class=\"ectbe-content-box\"><div class=\"ectbe-evt-time\"><i class=\"ectbe-icon-clock\"><\/i>11h15<\/div><div class=\"ectbe-evt-title\"><a class=\"ectbe-evt-url\" href=\"https:\/\/lagrainebleue.fr\/index.php\/event\/haut-comme-3-pommes-saint-mars-de-coutais-44\/\">Haut comme 3 pommes - Saint-Mars-de-Coutais (44)<\/a><\/div><div class=\"ectbe-evt-more-box\"><a class=\"ectbe-evt-read-more\" href=\"https:\/\/lagrainebleue.fr\/index.php\/event\/haut-comme-3-pommes-saint-mars-de-coutais-44\/\">Find out more<\/a><\/div><\/div><\/div><div id=\"event-652\" class=\"ectbe-inner-wrapper ectbe-simple-event\"><div id=\"ectbe-date\" class=\"ectbe-date-area\">\n\t\t\t\t\t\t<span class=\"ectbe-ev-mo\">Juin<\/span>\n\t\t\t\t\t\t<span class=\"ectbe-ev-day\">07<\/span>\n\t\t\t\t\t<\/div><div class=\"ectbe-content-box\"><div class=\"ectbe-evt-time\"><i class=\"ectbe-icon-clock\"><\/i>17h00<\/div><div class=\"ectbe-evt-title\"><a class=\"ectbe-evt-url\" href=\"https:\/\/lagrainebleue.fr\/index.php\/event\/haut-comme-3-pommes-2\/\">Haut comme 3 pommes - Le Landreau (44)<\/a><\/div><div class=\"ectbe-evt-more-box\"><a class=\"ectbe-evt-read-more\" href=\"https:\/\/lagrainebleue.fr\/index.php\/event\/haut-comme-3-pommes-2\/\">Find out more<\/a><\/div><\/div><\/div><div id=\"event-636\" class=\"ectbe-inner-wrapper ectbe-simple-event\"><div id=\"ectbe-date\" class=\"ectbe-date-area\">\n\t\t\t\t\t\t<span class=\"ectbe-ev-mo\">Mai<\/span>\n\t\t\t\t\t\t<span class=\"ectbe-ev-day\">13<\/span>\n\t\t\t\t\t<\/div><div class=\"ectbe-content-box\"><div class=\"ectbe-evt-time\"><i class=\"ectbe-icon-clock\"><\/i>17h00 - 18h00<\/div><div class=\"ectbe-evt-title\"><a class=\"ectbe-evt-url\" href=\"https:\/\/lagrainebleue.fr\/index.php\/event\/haut-comme-3-pommes\/\">Haut comme 3 pommes - Trignac (44)<\/a><\/div><div class=\"ectbe-evt-more-box\"><a class=\"ectbe-evt-read-more\" href=\"https:\/\/lagrainebleue.fr\/index.php\/event\/haut-comme-3-pommes\/\">Find out more<\/a><\/div><\/div><\/div><div id=\"event-656\" class=\"ectbe-inner-wrapper ectbe-simple-event\"><div id=\"ectbe-date\" class=\"ectbe-date-area\">\n\t\t\t\t\t\t<span class=\"ectbe-ev-mo\">Avr<\/span>\n\t\t\t\t\t\t<span class=\"ectbe-ev-day\">05<\/span>\n\t\t\t\t\t<\/div><div class=\"ectbe-content-box\"><div class=\"ectbe-evt-time\"><i class=\"ectbe-icon-clock\"><\/i>16h30 - 17h00<\/div><div class=\"ectbe-evt-title\"><a class=\"ectbe-evt-url\" href=\"https:\/\/lagrainebleue.fr\/index.php\/event\/haut-comme-3-pommes-pouance\/\">Haut comme 3 pommes - Pouanc\u00e9 (49)<\/a><\/div><div class=\"ectbe-evt-more-box\"><a class=\"ectbe-evt-read-more\" href=\"https:\/\/lagrainebleue.fr\/index.php\/event\/haut-comme-3-pommes-pouance\/\">Find out more<\/a><\/div><\/div><\/div><div id=\"event-658\" class=\"ectbe-inner-wrapper ectbe-simple-event\"><div id=\"ectbe-date\" class=\"ectbe-date-area\">\n\t\t\t\t\t\t<span class=\"ectbe-ev-mo\">D\u00e9c<\/span>\n\t\t\t\t\t\t<span class=\"ectbe-ev-day\">20<\/span>\n\t\t\t\t\t<\/div><div class=\"ectbe-content-box\"><div class=\"ectbe-evt-time\"><i class=\"ectbe-icon-clock\"><\/i>9h30 - 17h00<\/div><div class=\"ectbe-evt-title\"><a class=\"ectbe-evt-url\" href=\"https:\/\/lagrainebleue.fr\/index.php\/event\/haut-comme-3-pommes-saint-hilaire-de-loulay\/\">Haut comme 3 pommes - Saint Hilaire de Loulay (85)<\/a><\/div><div class=\"ectbe-evt-more-box\"><a class=\"ectbe-evt-read-more\" href=\"https:\/\/lagrainebleue.fr\/index.php\/event\/haut-comme-3-pommes-saint-hilaire-de-loulay\/\">Find out more<\/a><\/div><\/div><\/div><div id=\"event-660\" class=\"ectbe-inner-wrapper ectbe-simple-event\"><div id=\"ectbe-date\" class=\"ectbe-date-area\">\n\t\t\t\t\t\t<span class=\"ectbe-ev-mo\">D\u00e9c<\/span>\n\t\t\t\t\t\t<span class=\"ectbe-ev-day\">18<\/span>\n\t\t\t\t\t<\/div><div class=\"ectbe-content-box\"><div class=\"ectbe-evt-time\"><i class=\"ectbe-icon-clock\"><\/i>8h00 - 17h00<\/div><div class=\"ectbe-evt-title\"><a class=\"ectbe-evt-url\" href=\"https:\/\/lagrainebleue.fr\/index.php\/event\/haut-comme-3-pommes-montaigu\/\">Haut comme 3 pommes - L'Herbergement (85)<\/a><\/div><div class=\"ectbe-evt-more-box\"><a class=\"ectbe-evt-read-more\" href=\"https:\/\/lagrainebleue.fr\/index.php\/event\/haut-comme-3-pommes-montaigu\/\">Find out more<\/a><\/div><\/div><\/div><div id=\"event-662\" class=\"ectbe-inner-wrapper ectbe-simple-event\"><div id=\"ectbe-date\" class=\"ectbe-date-area\">\n\t\t\t\t\t\t<span class=\"ectbe-ev-mo\">D\u00e9c<\/span>\n\t\t\t\t\t\t<span class=\"ectbe-ev-day\">17<\/span>\n\t\t\t\t\t<\/div><div class=\"ectbe-content-box\"><div class=\"ectbe-evt-time\"><i class=\"ectbe-icon-clock\"><\/i>10h00 - 10h30<\/div><div class=\"ectbe-evt-title\"><a class=\"ectbe-evt-url\" href=\"https:\/\/lagrainebleue.fr\/index.php\/event\/haut-comme-3-pommes-cugand\/\">Haut comme 3 pommes - Cugand (85)<\/a><\/div><div class=\"ectbe-evt-more-box\"><a class=\"ectbe-evt-read-more\" href=\"https:\/\/lagrainebleue.fr\/index.php\/event\/haut-comme-3-pommes-cugand\/\">Find out more<\/a><\/div><\/div><\/div><div id=\"event-666\" class=\"ectbe-inner-wrapper ectbe-simple-event\"><div id=\"ectbe-date\" class=\"ectbe-date-area\">\n\t\t\t\t\t\t<span class=\"ectbe-ev-mo\">D\u00e9c<\/span>\n\t\t\t\t\t\t<span class=\"ectbe-ev-day\">13<\/span>\n\t\t\t\t\t<\/div><div class=\"ectbe-content-box\"><div class=\"ectbe-evt-time\"><i class=\"ectbe-icon-clock\"><\/i>9h00 - 12h00<\/div><div class=\"ectbe-evt-title\"><a class=\"ectbe-evt-url\" href=\"https:\/\/lagrainebleue.fr\/index.php\/event\/contes-du-grand-froid-nantes-ecole\/\">Contes du grand froid - Nantes, \u00e9cole (44)<\/a><\/div><div class=\"ectbe-evt-more-box\"><a class=\"ectbe-evt-read-more\" href=\"https:\/\/lagrainebleue.fr\/index.php\/event\/contes-du-grand-froid-nantes-ecole\/\">Find out more<\/a><\/div><\/div><\/div><div id=\"event-664\" class=\"ectbe-inner-wrapper ectbe-simple-event\"><div id=\"ectbe-date\" class=\"ectbe-date-area\">\n\t\t\t\t\t\t<span class=\"ectbe-ev-mo\">D\u00e9c<\/span>\n\t\t\t\t\t\t<span class=\"ectbe-ev-day\">04<\/span>\n\t\t\t\t\t<\/div><div class=\"ectbe-content-box\"><div class=\"ectbe-evt-time\"><i class=\"ectbe-icon-clock\"><\/i>10h00 - 17h00<\/div><div class=\"ectbe-evt-title\"><a class=\"ectbe-evt-url\" href=\"https:\/\/lagrainebleue.fr\/index.php\/event\/haut-comme-3-pommes-saint-julien-de-concelles\/\">Haut comme 3 pommes - Saint-Julien-de-Concelles (44)<\/a><\/div><div class=\"ectbe-evt-more-box\"><a class=\"ectbe-evt-read-more\" href=\"https:\/\/lagrainebleue.fr\/index.php\/event\/haut-comme-3-pommes-saint-julien-de-concelles\/\">Find out more<\/a><\/div><\/div><\/div><\/div>\t\t\t\t<\/div>\n\t\t\t\t<\/div>\n\t\t\t\t\t<\/div>\n\t\t\t\t<\/div>\n\t\t\t\t<\/div>\n\t\t","protected":false},"excerpt":{"rendered":"<p>AGENDA Nos prochaines dates Mai 13 17h00 &#8211; 18h00Haut comme 3 pommes &#8211; Trignac (44)Find out more Juin 07 17h00Haut comme 3 pommes &#8211; Le Landreau (44)Find out more Juin 25 16h30Haut comme 3 pommes &#8211; Saint-Mars-de-Coutais (44)Find out more Dates pass\u00e9es Avr 05 16h30 &#8211; 17h00Haut comme 3 pommes &#8211; Pouanc\u00e9 (49)Find out more D\u00e9c 20 9h30 &#8211; 17h00Haut comme 3 pommes &#8211; Saint&hellip; <\/p>\n","protected":false},"author":1,"featured_media":0,"parent":0,"menu_order":0,"comment_status":"closed","ping_status":"closed","template":"","meta":{"footnotes":""},"class_list":["post-14","page","type-page","status-publish","hentry","clearfix"],"yoast_head":"<!-- This site is optimized with the Yoast SEO plugin v26.4 - https:\/\/yoast.com\/wordpress\/plugins\/seo\/ -->\n<title>Agenda - Compagnie La Graine Bleue<\/title>\n<meta name=\"robots\" content=\"index, follow, max-snippet:-1, max-image-preview:large, max-video-preview:-1\" \/>\n<link rel=\"canonical\" href=\"https:\/\/lagrainebleue.fr\/index.php\/agenda\/\" \/>\n<meta property=\"og:locale\" content=\"fr_FR\" \/>\n<meta property=\"og:type\" content=\"article\" \/>\n<meta property=\"og:title\" content=\"Agenda - Compagnie La Graine Bleue\" \/>\n<meta property=\"og:description\" content=\"AGENDA Nos prochaines dates Mai 13 17h00 &#8211; 18h00Haut comme 3 pommes &#8211; Trignac (44)Find out more Juin 07 17h00Haut comme 3 pommes &#8211; Le Landreau (44)Find out more Juin 25 16h30Haut comme 3 pommes &#8211; Saint-Mars-de-Coutais (44)Find out more Dates pass\u00e9es Avr 05 16h30 &#8211; 17h00Haut comme 3 pommes &#8211; Pouanc\u00e9 (49)Find out more D\u00e9c 20 9h30 &#8211; 17h00Haut comme 3 pommes &#8211; Saint&hellip;\" \/>\n<meta property=\"og:url\" content=\"https:\/\/lagrainebleue.fr\/index.php\/agenda\/\" \/>\n<meta property=\"og:site_name\" content=\"Compagnie La Graine Bleue\" \/>\n<meta property=\"article:modified_time\" content=\"2025-04-19T12:53:50+00:00\" \/>\n<meta name=\"twitter:card\" content=\"summary_large_image\" \/>\n<meta name=\"twitter:label1\" content=\"Dur\u00e9e de lecture estim\u00e9e\" \/>\n\t<meta name=\"twitter:data1\" content=\"1 minute\" \/>\n<script type=\"application\/ld+json\" class=\"yoast-schema-graph\">{\"@context\":\"https:\/\/schema.org\",\"@graph\":[{\"@type\":\"WebPage\",\"@id\":\"https:\/\/lagrainebleue.fr\/index.php\/agenda\/\",\"url\":\"https:\/\/lagrainebleue.fr\/index.php\/agenda\/\",\"name\":\"Agenda - Compagnie La Graine Bleue\",\"isPartOf\":{\"@id\":\"https:\/\/lagrainebleue.fr\/#website\"},\"datePublished\":\"2025-02-10T13:06:54+00:00\",\"dateModified\":\"2025-04-19T12:53:50+00:00\",\"breadcrumb\":{\"@id\":\"https:\/\/lagrainebleue.fr\/index.php\/agenda\/#breadcrumb\"},\"inLanguage\":\"fr-FR\",\"potentialAction\":[{\"@type\":\"ReadAction\",\"target\":[\"https:\/\/lagrainebleue.fr\/index.php\/agenda\/\"]}]},{\"@type\":\"BreadcrumbList\",\"@id\":\"https:\/\/lagrainebleue.fr\/index.php\/agenda\/#breadcrumb\",\"itemListElement\":[{\"@type\":\"ListItem\",\"position\":1,\"name\":\"Accueil\",\"item\":\"https:\/\/lagrainebleue.fr\/\"},{\"@type\":\"ListItem\",\"position\":2,\"name\":\"Agenda\"}]},{\"@type\":\"WebSite\",\"@id\":\"https:\/\/lagrainebleue.fr\/#website\",\"url\":\"https:\/\/lagrainebleue.fr\/\",\"name\":\"Compagnie La Graine Bleue\",\"description\":\"Th\u00e9\u00e2tre &amp; LSF ....................... &gt;&gt; Site en construction\",\"potentialAction\":[{\"@type\":\"SearchAction\",\"target\":{\"@type\":\"EntryPoint\",\"urlTemplate\":\"https:\/\/lagrainebleue.fr\/?s={search_term_string}\"},\"query-input\":{\"@type\":\"PropertyValueSpecification\",\"valueRequired\":true,\"valueName\":\"search_term_string\"}}],\"inLanguage\":\"fr-FR\"}]}<\/script>\n<!-- \/ Yoast SEO plugin. -->","yoast_head_json":{"title":"Agenda - Compagnie La Graine Bleue","robots":{"index":"index","follow":"follow","max-snippet":"max-snippet:-1","max-image-preview":"max-image-preview:large","max-video-preview":"max-video-preview:-1"},"canonical":"https:\/\/lagrainebleue.fr\/index.php\/agenda\/","og_locale":"fr_FR","og_type":"article","og_title":"Agenda - Compagnie La Graine Bleue","og_description":"AGENDA Nos prochaines dates Mai 13 17h00 &#8211; 18h00Haut comme 3 pommes &#8211; Trignac (44)Find out more Juin 07 17h00Haut comme 3 pommes &#8211; Le Landreau (44)Find out more Juin 25 16h30Haut comme 3 pommes &#8211; Saint-Mars-de-Coutais (44)Find out more Dates pass\u00e9es Avr 05 16h30 &#8211; 17h00Haut comme 3 pommes &#8211; Pouanc\u00e9 (49)Find out more D\u00e9c 20 9h30 &#8211; 17h00Haut comme 3 pommes &#8211; Saint&hellip;","og_url":"https:\/\/lagrainebleue.fr\/index.php\/agenda\/","og_site_name":"Compagnie La Graine Bleue","article_modified_time":"2025-04-19T12:53:50+00:00","twitter_card":"summary_large_image","twitter_misc":{"Dur\u00e9e de lecture estim\u00e9e":"1 minute"},"schema":{"@context":"https:\/\/schema.org","@graph":[{"@type":"WebPage","@id":"https:\/\/lagrainebleue.fr\/index.php\/agenda\/","url":"https:\/\/lagrainebleue.fr\/index.php\/agenda\/","name":"Agenda - Compagnie La Graine Bleue","isPartOf":{"@id":"https:\/\/lagrainebleue.fr\/#website"},"datePublished":"2025-02-10T13:06:54+00:00","dateModified":"2025-04-19T12:53:50+00:00","breadcrumb":{"@id":"https:\/\/lagrainebleue.fr\/index.php\/agenda\/#breadcrumb"},"inLanguage":"fr-FR","potentialAction":[{"@type":"ReadAction","target":["https:\/\/lagrainebleue.fr\/index.php\/agenda\/"]}]},{"@type":"BreadcrumbList","@id":"https:\/\/lagrainebleue.fr\/index.php\/agenda\/#breadcrumb","itemListElement":[{"@type":"ListItem","position":1,"name":"Accueil","item":"https:\/\/lagrainebleue.fr\/"},{"@type":"ListItem","position":2,"name":"Agenda"}]},{"@type":"WebSite","@id":"https:\/\/lagrainebleue.fr\/#website","url":"https:\/\/lagrainebleue.fr\/","name":"Compagnie La Graine Bleue","description":"Th\u00e9\u00e2tre &amp; LSF ....................... &gt;&gt; Site en construction","potentialAction":[{"@type":"SearchAction","target":{"@type":"EntryPoint","urlTemplate":"https:\/\/lagrainebleue.fr\/?s={search_term_string}"},"query-input":{"@type":"PropertyValueSpecification","valueRequired":true,"valueName":"search_term_string"}}],"inLanguage":"fr-FR"}]}},"_links":{"self":[{"href":"https:\/\/lagrainebleue.fr\/index.php\/wp-json\/wp\/v2\/pages\/14","targetHints":{"allow":["GET"]}}],"collection":[{"href":"https:\/\/lagrainebleue.fr\/index.php\/wp-json\/wp\/v2\/pages"}],"about":[{"href":"https:\/\/lagrainebleue.fr\/index.php\/wp-json\/wp\/v2\/types\/page"}],"author":[{"embeddable":true,"href":"https:\/\/lagrainebleue.fr\/index.php\/wp-json\/wp\/v2\/users\/1"}],"replies":[{"embeddable":true,"href":"https:\/\/lagrainebleue.fr\/index.php\/wp-json\/wp\/v2\/comments?post=14"}],"version-history":[{"count":248,"href":"https:\/\/lagrainebleue.fr\/index.php\/wp-json\/wp\/v2\/pages\/14\/revisions"}],"predecessor-version":[{"id":1041,"href":"https:\/\/lagrainebleue.fr\/index.php\/wp-json\/wp\/v2\/pages\/14\/revisions\/1041"}],"wp:attachment":[{"href":"https:\/\/lagrainebleue.fr\/index.php\/wp-json\/wp\/v2\/media?parent=14"}],"curies":[{"name":"wp","href":"https:\/\/api.w.org\/{rel}","templated":true}]}}