{"id":416,"date":"2025-03-15T13:51:37","date_gmt":"2025-03-15T12:51:37","guid":{"rendered":"https:\/\/lagrainebleue.fr\/?page_id=416"},"modified":"2025-04-08T12:43:38","modified_gmt":"2025-04-08T10:43:38","slug":"elementor-page-416","status":"publish","type":"page","link":"https:\/\/lagrainebleue.fr\/index.php\/elementor-page-416\/","title":{"rendered":"Contes du grand froid"},"content":{"rendered":"\t\t<div data-elementor-type=\"wp-page\" data-elementor-id=\"416\" class=\"elementor elementor-416\">\n\t\t\t\t<div class=\"elementor-element elementor-element-72c99cc1 e-flex e-con-boxed e-con e-parent\" data-id=\"72c99cc1\" data-element_type=\"container\">\n\t\t\t\t\t<div class=\"e-con-inner\">\n\t\t<div class=\"elementor-element elementor-element-621570c9 e-con-full e-flex e-con e-child\" data-id=\"621570c9\" data-element_type=\"container\">\n\t\t<div class=\"elementor-element elementor-element-226b6c17 e-grid e-con-full e-con e-child\" data-id=\"226b6c17\" data-element_type=\"container\">\n\t\t<div class=\"elementor-element elementor-element-33c39e25 e-con-full e-flex e-con e-child\" data-id=\"33c39e25\" data-element_type=\"container\">\n\t\t\t\t<div class=\"elementor-element elementor-element-7832e1f3 elementor-widget elementor-widget-heading\" data-id=\"7832e1f3\" data-element_type=\"widget\" data-widget_type=\"heading.default\">\n\t\t\t\t<div class=\"elementor-widget-container\">\n\t\t\t\t\t<h2 class=\"elementor-heading-title elementor-size-default\">Contes du grand froid<\/h2>\t\t\t\t<\/div>\n\t\t\t\t<\/div>\n\t\t\t\t<div class=\"elementor-element elementor-element-4aa72a32 elementor-widget__width-initial elementor-widget elementor-widget-text-editor\" data-id=\"4aa72a32\" data-element_type=\"widget\" data-widget_type=\"text-editor.default\">\n\t\t\t\t<div class=\"elementor-widget-container\">\n\t\t\t\t\t\t\t\t\t<p>Pour toute la famille<\/p>\t\t\t\t\t\t\t\t<\/div>\n\t\t\t\t<\/div>\n\t\t\t\t<\/div>\n\t\t\t\t<\/div>\n\t\t\t\t<\/div>\n\t\t<div class=\"elementor-element elementor-element-3ed6f39 e-flex e-con-boxed e-con e-child\" data-id=\"3ed6f39\" data-element_type=\"container\">\n\t\t\t\t\t<div class=\"e-con-inner\">\n\t\t<div class=\"elementor-element elementor-element-176dbc4f e-grid e-con-full e-con e-child\" data-id=\"176dbc4f\" data-element_type=\"container\">\n\t\t\t\t<div class=\"elementor-element elementor-element-44f9a648 elementor-widget elementor-widget-text-editor\" data-id=\"44f9a648\" data-element_type=\"widget\" data-widget_type=\"text-editor.default\">\n\t\t\t\t<div class=\"elementor-widget-container\">\n\t\t\t\t\t\t\t\t\t<p><em>Flocons, frissons, bout du nez tout gel\u00e9,<\/em><br \/><em>A pas de loup, de velours ou feutr\u00e9s,<\/em><br \/><em>Dans l\u2019isba de Babayaga,<\/em><br \/><em>ou \u00e0 travers la for\u00eat enneig\u00e9e,<\/em><br \/><em>Il n\u2019y a pas d\u2019\u00e2ge pour se laisser conter !<\/em><\/p><p>Pelotonn\u00e9s au coin du feu, enroul\u00e9s dans un grand plaid, ou embaum\u00e9s par un chocolat chaud, ouvrez grand vos oreilles, une voix s\u2019\u00e9l\u00e8ve et une m\u00e9lodie se met \u00e0 danser. Une conteuse s\u2019appr\u00eate \u00e0 vous emporter vers les pays de l&rsquo;est. Attendez-vous \u00e0 frissonner de froid, de peur&#8230; ou de malice !<\/p><p>Les plus petits d\u00e9couvriront la magie du mois de d\u00e9cembre, du froid et de No\u00ebl. Quant aux plus grands, ils retrouveront non sans nostalgie, leur \u00e2me d\u2019enfant.<br \/>Contes du grand froid est un spectacle \u00e0 partager en famille, le temps d&rsquo;un go\u00fbter ou d&rsquo;une veill\u00e9e. Issus de contes populaires d&rsquo;Alsace et de l\u2019Est.<\/p>\t\t\t\t\t\t\t\t<\/div>\n\t\t\t\t<\/div>\n\t\t<div class=\"elementor-element elementor-element-32632219 e-grid e-con-full e-con e-child\" data-id=\"32632219\" data-element_type=\"container\">\n\t\t\t\t<div class=\"elementor-element elementor-element-186550ec elementor-view-default elementor-position-top elementor-mobile-position-top elementor-widget elementor-widget-icon-box\" data-id=\"186550ec\" data-element_type=\"widget\" data-widget_type=\"icon-box.default\">\n\t\t\t\t<div class=\"elementor-widget-container\">\n\t\t\t\t\t\t\t<div class=\"elementor-icon-box-wrapper\">\n\n\t\t\t\t\t\t<div class=\"elementor-icon-box-icon\">\n\t\t\t\t<a href=\"http:\/\/lagrainebleue.fr\/wp-content\/uploads\/2025\/03\/Contes-du-grand-froid_CieLaGraineBleue.pdf\" target=\"_blank\" class=\"elementor-icon\" tabindex=\"-1\" aria-label=\"Dossier de pr\u00e9sentation\">\n\t\t\t\t<svg aria-hidden=\"true\" class=\"e-font-icon-svg e-fas-file-pdf\" viewBox=\"0 0 384 512\" xmlns=\"http:\/\/www.w3.org\/2000\/svg\"><path d=\"M181.9 256.1c-5-16-4.9-46.9-2-46.9 8.4 0 7.6 36.9 2 46.9zm-1.7 47.2c-7.7 20.2-17.3 43.3-28.4 62.7 18.3-7 39-17.2 62.9-21.9-12.7-9.6-24.9-23.4-34.5-40.8zM86.1 428.1c0 .8 13.2-5.4 34.9-40.2-6.7 6.3-29.1 24.5-34.9 40.2zM248 160h136v328c0 13.3-10.7 24-24 24H24c-13.3 0-24-10.7-24-24V24C0 10.7 10.7 0 24 0h200v136c0 13.2 10.8 24 24 24zm-8 171.8c-20-12.2-33.3-29-42.7-53.8 4.5-18.5 11.6-46.6 6.2-64.2-4.7-29.4-42.4-26.5-47.8-6.8-5 18.3-.4 44.1 8.1 77-11.6 27.6-28.7 64.6-40.8 85.8-.1 0-.1.1-.2.1-27.1 13.9-73.6 44.5-54.5 68 5.6 6.9 16 10 21.5 10 17.9 0 35.7-18 61.1-61.8 25.8-8.5 54.1-19.1 79-23.2 21.7 11.8 47.1 19.5 64 19.5 29.2 0 31.2-32 19.7-43.4-13.9-13.6-54.3-9.7-73.6-7.2zM377 105L279 7c-4.5-4.5-10.6-7-17-7h-6v128h128v-6.1c0-6.3-2.5-12.4-7-16.9zm-74.1 255.3c4.1-2.7-2.5-11.9-42.8-9 37.1 15.8 42.8 9 42.8 9z\"><\/path><\/svg>\t\t\t\t<\/a>\n\t\t\t<\/div>\n\t\t\t\n\t\t\t\t\t\t<div class=\"elementor-icon-box-content\">\n\n\t\t\t\t\t\t\t\t\t<div class=\"elementor-icon-box-title\">\n\t\t\t\t\t\t<a href=\"http:\/\/lagrainebleue.fr\/wp-content\/uploads\/2025\/03\/Contes-du-grand-froid_CieLaGraineBleue.pdf\" target=\"_blank\" >\n\t\t\t\t\t\t\tDossier de pr\u00e9sentation\t\t\t\t\t\t<\/a>\n\t\t\t\t\t<\/div>\n\t\t\t\t\n\t\t\t\t\n\t\t\t<\/div>\n\t\t\t\n\t\t<\/div>\n\t\t\t\t\t\t<\/div>\n\t\t\t\t<\/div>\n\t\t\t\t<\/div>\n\t\t\t\t<\/div>\n\t\t\t\t<div class=\"elementor-element elementor-element-2297ccf elementor-widget elementor-widget-image\" data-id=\"2297ccf\" data-element_type=\"widget\" data-widget_type=\"image.default\">\n\t\t\t\t<div class=\"elementor-widget-container\">\n\t\t\t\t\t\t\t\t\t\t\t\t\t\t\t<img fetchpriority=\"high\" decoding=\"async\" width=\"790\" height=\"509\" src=\"https:\/\/lagrainebleue.fr\/wp-content\/uploads\/2025\/04\/ContesDhiver-1024x660.jpg\" class=\"attachment-large size-large wp-image-480\" alt=\"\" srcset=\"https:\/\/lagrainebleue.fr\/wp-content\/uploads\/2025\/04\/ContesDhiver-1024x660.jpg 1024w, https:\/\/lagrainebleue.fr\/wp-content\/uploads\/2025\/04\/ContesDhiver-300x193.jpg 300w, https:\/\/lagrainebleue.fr\/wp-content\/uploads\/2025\/04\/ContesDhiver-768x495.jpg 768w, https:\/\/lagrainebleue.fr\/wp-content\/uploads\/2025\/04\/ContesDhiver-1536x990.jpg 1536w, https:\/\/lagrainebleue.fr\/wp-content\/uploads\/2025\/04\/ContesDhiver.jpg 1620w\" sizes=\"(max-width: 790px) 100vw, 790px\" \/>\t\t\t\t\t\t\t\t\t\t\t\t\t\t\t<\/div>\n\t\t\t\t<\/div>\n\t\t\t\t\t<\/div>\n\t\t\t\t<\/div>\n\t\t<div class=\"elementor-element elementor-element-4ca1f8ef e-con-full e-flex e-con e-child\" data-id=\"4ca1f8ef\" data-element_type=\"container\">\n\t\t\t\t<div class=\"elementor-element elementor-element-3ce1c5cd elementor-arrows-position-inside elementor-pagination-position-outside elementor-widget elementor-widget-image-carousel\" data-id=\"3ce1c5cd\" data-element_type=\"widget\" data-settings=\"{&quot;navigation&quot;:&quot;both&quot;,&quot;autoplay&quot;:&quot;yes&quot;,&quot;pause_on_hover&quot;:&quot;yes&quot;,&quot;pause_on_interaction&quot;:&quot;yes&quot;,&quot;autoplay_speed&quot;:5000,&quot;infinite&quot;:&quot;yes&quot;,&quot;speed&quot;:500}\" data-widget_type=\"image-carousel.default\">\n\t\t\t\t<div class=\"elementor-widget-container\">\n\t\t\t\t\t\t\t<div class=\"elementor-image-carousel-wrapper swiper\" role=\"region\" aria-roledescription=\"carousel\" aria-label=\"Carrousel d\u2019images\" dir=\"ltr\">\n\t\t\t<div class=\"elementor-image-carousel swiper-wrapper\" aria-live=\"off\">\n\t\t\t\t\t\t\t\t<div class=\"swiper-slide\" role=\"group\" aria-roledescription=\"slide\" aria-label=\"1 sur 5\"><figure class=\"swiper-slide-inner\"><img decoding=\"async\" class=\"swiper-slide-image\" src=\"https:\/\/lagrainebleue.fr\/wp-content\/uploads\/2025\/04\/ContesDhiver-01.jpg\" alt=\"ContesDhiver-01\" \/><\/figure><\/div><div class=\"swiper-slide\" role=\"group\" aria-roledescription=\"slide\" aria-label=\"2 sur 5\"><figure class=\"swiper-slide-inner\"><img decoding=\"async\" class=\"swiper-slide-image\" src=\"https:\/\/lagrainebleue.fr\/wp-content\/uploads\/2025\/04\/ContesDhiver-02.jpg\" alt=\"ContesDhiver-02\" \/><\/figure><\/div><div class=\"swiper-slide\" role=\"group\" aria-roledescription=\"slide\" aria-label=\"3 sur 5\"><figure class=\"swiper-slide-inner\"><img decoding=\"async\" class=\"swiper-slide-image\" src=\"https:\/\/lagrainebleue.fr\/wp-content\/uploads\/2025\/04\/ContesDhiver-03-1024x1024.jpg\" alt=\"ContesDhiver-03\" \/><\/figure><\/div><div class=\"swiper-slide\" role=\"group\" aria-roledescription=\"slide\" aria-label=\"4 sur 5\"><figure class=\"swiper-slide-inner\"><img decoding=\"async\" class=\"swiper-slide-image\" src=\"https:\/\/lagrainebleue.fr\/wp-content\/uploads\/2025\/04\/ContesDhiver-04-1024x1024.jpg\" alt=\"ContesDhiver-04\" \/><\/figure><\/div><div class=\"swiper-slide\" role=\"group\" aria-roledescription=\"slide\" aria-label=\"5 sur 5\"><figure class=\"swiper-slide-inner\"><img decoding=\"async\" class=\"swiper-slide-image\" src=\"https:\/\/lagrainebleue.fr\/wp-content\/uploads\/2025\/04\/ContesDhiver-05.jpg\" alt=\"ContesDhiver-05\" \/><\/figure><\/div>\t\t\t<\/div>\n\t\t\t\t\t\t\t\t\t\t\t\t<div class=\"elementor-swiper-button elementor-swiper-button-prev\" role=\"button\" tabindex=\"0\">\n\t\t\t\t\t\t<svg aria-hidden=\"true\" class=\"e-font-icon-svg e-eicon-chevron-left\" viewBox=\"0 0 1000 1000\" xmlns=\"http:\/\/www.w3.org\/2000\/svg\"><path d=\"M646 125C629 125 613 133 604 142L308 442C296 454 292 471 292 487 292 504 296 521 308 533L604 854C617 867 629 875 646 875 663 875 679 871 692 858 704 846 713 829 713 812 713 796 708 779 692 767L438 487 692 225C700 217 708 204 708 187 708 171 704 154 692 142 675 129 663 125 646 125Z\"><\/path><\/svg>\t\t\t\t\t<\/div>\n\t\t\t\t\t<div class=\"elementor-swiper-button elementor-swiper-button-next\" role=\"button\" tabindex=\"0\">\n\t\t\t\t\t\t<svg aria-hidden=\"true\" class=\"e-font-icon-svg e-eicon-chevron-right\" viewBox=\"0 0 1000 1000\" xmlns=\"http:\/\/www.w3.org\/2000\/svg\"><path d=\"M696 533C708 521 713 504 713 487 713 471 708 454 696 446L400 146C388 133 375 125 354 125 338 125 325 129 313 142 300 154 292 171 292 187 292 204 296 221 308 233L563 492 304 771C292 783 288 800 288 817 288 833 296 850 308 863 321 871 338 875 354 875 371 875 388 867 400 854L696 533Z\"><\/path><\/svg>\t\t\t\t\t<\/div>\n\t\t\t\t\n\t\t\t\t\t\t\t\t\t<div class=\"swiper-pagination\"><\/div>\n\t\t\t\t\t\t\t\t\t<\/div>\n\t\t\t\t\t\t<\/div>\n\t\t\t\t<\/div>\n\t\t\t\t<\/div>\n\t\t\t\t\t<\/div>\n\t\t\t\t<\/div>\n\t\t<div class=\"elementor-element elementor-element-9e7a7b1 e-flex e-con-boxed e-con e-parent\" data-id=\"9e7a7b1\" data-element_type=\"container\">\n\t\t\t\t\t<div class=\"e-con-inner\">\n\t\t\t\t\t<\/div>\n\t\t\t\t<\/div>\n\t\t\t\t<\/div>\n\t\t","protected":false},"excerpt":{"rendered":"<p>Contes du grand froid Pour toute la famille Flocons, frissons, bout du nez tout gel\u00e9,A pas de loup, de velours ou feutr\u00e9s,Dans l\u2019isba de Babayaga,ou \u00e0 travers la for\u00eat enneig\u00e9e,Il n\u2019y a pas d\u2019\u00e2ge pour se laisser conter ! Pelotonn\u00e9s au coin du feu, enroul\u00e9s dans un grand plaid, ou embaum\u00e9s par un chocolat chaud, ouvrez grand vos oreilles, une voix s\u2019\u00e9l\u00e8ve et une m\u00e9lodie&hellip; <\/p>\n","protected":false},"author":1,"featured_media":0,"parent":0,"menu_order":0,"comment_status":"closed","ping_status":"closed","template":"","meta":{"footnotes":""},"class_list":["post-416","page","type-page","status-publish","hentry","clearfix"],"yoast_head":"<!-- This site is optimized with the Yoast SEO plugin v26.4 - https:\/\/yoast.com\/wordpress\/plugins\/seo\/ -->\n<title>Contes du grand froid - Compagnie La Graine Bleue<\/title>\n<meta name=\"robots\" content=\"index, follow, max-snippet:-1, max-image-preview:large, max-video-preview:-1\" \/>\n<link rel=\"canonical\" href=\"http:\/\/lagrainebleue.fr\/index.php\/elementor-page-416\/\" \/>\n<meta property=\"og:locale\" content=\"fr_FR\" \/>\n<meta property=\"og:type\" content=\"article\" \/>\n<meta property=\"og:title\" content=\"Contes du grand froid - Compagnie La Graine Bleue\" \/>\n<meta property=\"og:description\" content=\"Contes du grand froid Pour toute la famille Flocons, frissons, bout du nez tout gel\u00e9,A pas de loup, de velours ou feutr\u00e9s,Dans l\u2019isba de Babayaga,ou \u00e0 travers la for\u00eat enneig\u00e9e,Il n\u2019y a pas d\u2019\u00e2ge pour se laisser conter ! Pelotonn\u00e9s au coin du feu, enroul\u00e9s dans un grand plaid, ou embaum\u00e9s par un chocolat chaud, ouvrez grand vos oreilles, une voix s\u2019\u00e9l\u00e8ve et une m\u00e9lodie&hellip;\" \/>\n<meta property=\"og:url\" content=\"http:\/\/lagrainebleue.fr\/index.php\/elementor-page-416\/\" \/>\n<meta property=\"og:site_name\" content=\"Compagnie La Graine Bleue\" \/>\n<meta property=\"article:modified_time\" content=\"2025-04-08T10:43:38+00:00\" \/>\n<meta property=\"og:image\" content=\"http:\/\/lagrainebleue.fr\/wp-content\/uploads\/2025\/04\/ContesDhiver-1024x660.jpg\" \/>\n<meta name=\"twitter:card\" content=\"summary_large_image\" \/>\n<meta name=\"twitter:label1\" content=\"Dur\u00e9e de lecture estim\u00e9e\" \/>\n\t<meta name=\"twitter:data1\" content=\"4 minutes\" \/>\n<script type=\"application\/ld+json\" class=\"yoast-schema-graph\">{\"@context\":\"https:\/\/schema.org\",\"@graph\":[{\"@type\":\"WebPage\",\"@id\":\"http:\/\/lagrainebleue.fr\/index.php\/elementor-page-416\/\",\"url\":\"http:\/\/lagrainebleue.fr\/index.php\/elementor-page-416\/\",\"name\":\"Contes du grand froid - Compagnie La Graine Bleue\",\"isPartOf\":{\"@id\":\"https:\/\/lagrainebleue.fr\/#website\"},\"primaryImageOfPage\":{\"@id\":\"http:\/\/lagrainebleue.fr\/index.php\/elementor-page-416\/#primaryimage\"},\"image\":{\"@id\":\"http:\/\/lagrainebleue.fr\/index.php\/elementor-page-416\/#primaryimage\"},\"thumbnailUrl\":\"http:\/\/lagrainebleue.fr\/wp-content\/uploads\/2025\/04\/ContesDhiver-1024x660.jpg\",\"datePublished\":\"2025-03-15T12:51:37+00:00\",\"dateModified\":\"2025-04-08T10:43:38+00:00\",\"breadcrumb\":{\"@id\":\"http:\/\/lagrainebleue.fr\/index.php\/elementor-page-416\/#breadcrumb\"},\"inLanguage\":\"fr-FR\",\"potentialAction\":[{\"@type\":\"ReadAction\",\"target\":[\"http:\/\/lagrainebleue.fr\/index.php\/elementor-page-416\/\"]}]},{\"@type\":\"ImageObject\",\"inLanguage\":\"fr-FR\",\"@id\":\"http:\/\/lagrainebleue.fr\/index.php\/elementor-page-416\/#primaryimage\",\"url\":\"https:\/\/lagrainebleue.fr\/wp-content\/uploads\/2025\/04\/ContesDhiver.jpg\",\"contentUrl\":\"https:\/\/lagrainebleue.fr\/wp-content\/uploads\/2025\/04\/ContesDhiver.jpg\",\"width\":1620,\"height\":1044},{\"@type\":\"BreadcrumbList\",\"@id\":\"http:\/\/lagrainebleue.fr\/index.php\/elementor-page-416\/#breadcrumb\",\"itemListElement\":[{\"@type\":\"ListItem\",\"position\":1,\"name\":\"Accueil\",\"item\":\"https:\/\/lagrainebleue.fr\/\"},{\"@type\":\"ListItem\",\"position\":2,\"name\":\"Contes du grand froid\"}]},{\"@type\":\"WebSite\",\"@id\":\"https:\/\/lagrainebleue.fr\/#website\",\"url\":\"https:\/\/lagrainebleue.fr\/\",\"name\":\"Compagnie La Graine Bleue\",\"description\":\"Th\u00e9\u00e2tre &amp; LSF ....................... &gt;&gt; Site en construction\",\"potentialAction\":[{\"@type\":\"SearchAction\",\"target\":{\"@type\":\"EntryPoint\",\"urlTemplate\":\"https:\/\/lagrainebleue.fr\/?s={search_term_string}\"},\"query-input\":{\"@type\":\"PropertyValueSpecification\",\"valueRequired\":true,\"valueName\":\"search_term_string\"}}],\"inLanguage\":\"fr-FR\"}]}<\/script>\n<!-- \/ Yoast SEO plugin. -->","yoast_head_json":{"title":"Contes du grand froid - Compagnie La Graine Bleue","robots":{"index":"index","follow":"follow","max-snippet":"max-snippet:-1","max-image-preview":"max-image-preview:large","max-video-preview":"max-video-preview:-1"},"canonical":"http:\/\/lagrainebleue.fr\/index.php\/elementor-page-416\/","og_locale":"fr_FR","og_type":"article","og_title":"Contes du grand froid - Compagnie La Graine Bleue","og_description":"Contes du grand froid Pour toute la famille Flocons, frissons, bout du nez tout gel\u00e9,A pas de loup, de velours ou feutr\u00e9s,Dans l\u2019isba de Babayaga,ou \u00e0 travers la for\u00eat enneig\u00e9e,Il n\u2019y a pas d\u2019\u00e2ge pour se laisser conter ! Pelotonn\u00e9s au coin du feu, enroul\u00e9s dans un grand plaid, ou embaum\u00e9s par un chocolat chaud, ouvrez grand vos oreilles, une voix s\u2019\u00e9l\u00e8ve et une m\u00e9lodie&hellip;","og_url":"http:\/\/lagrainebleue.fr\/index.php\/elementor-page-416\/","og_site_name":"Compagnie La Graine Bleue","article_modified_time":"2025-04-08T10:43:38+00:00","og_image":[{"url":"http:\/\/lagrainebleue.fr\/wp-content\/uploads\/2025\/04\/ContesDhiver-1024x660.jpg","type":"","width":"","height":""}],"twitter_card":"summary_large_image","twitter_misc":{"Dur\u00e9e de lecture estim\u00e9e":"4 minutes"},"schema":{"@context":"https:\/\/schema.org","@graph":[{"@type":"WebPage","@id":"http:\/\/lagrainebleue.fr\/index.php\/elementor-page-416\/","url":"http:\/\/lagrainebleue.fr\/index.php\/elementor-page-416\/","name":"Contes du grand froid - Compagnie La Graine Bleue","isPartOf":{"@id":"https:\/\/lagrainebleue.fr\/#website"},"primaryImageOfPage":{"@id":"http:\/\/lagrainebleue.fr\/index.php\/elementor-page-416\/#primaryimage"},"image":{"@id":"http:\/\/lagrainebleue.fr\/index.php\/elementor-page-416\/#primaryimage"},"thumbnailUrl":"http:\/\/lagrainebleue.fr\/wp-content\/uploads\/2025\/04\/ContesDhiver-1024x660.jpg","datePublished":"2025-03-15T12:51:37+00:00","dateModified":"2025-04-08T10:43:38+00:00","breadcrumb":{"@id":"http:\/\/lagrainebleue.fr\/index.php\/elementor-page-416\/#breadcrumb"},"inLanguage":"fr-FR","potentialAction":[{"@type":"ReadAction","target":["http:\/\/lagrainebleue.fr\/index.php\/elementor-page-416\/"]}]},{"@type":"ImageObject","inLanguage":"fr-FR","@id":"http:\/\/lagrainebleue.fr\/index.php\/elementor-page-416\/#primaryimage","url":"https:\/\/lagrainebleue.fr\/wp-content\/uploads\/2025\/04\/ContesDhiver.jpg","contentUrl":"https:\/\/lagrainebleue.fr\/wp-content\/uploads\/2025\/04\/ContesDhiver.jpg","width":1620,"height":1044},{"@type":"BreadcrumbList","@id":"http:\/\/lagrainebleue.fr\/index.php\/elementor-page-416\/#breadcrumb","itemListElement":[{"@type":"ListItem","position":1,"name":"Accueil","item":"https:\/\/lagrainebleue.fr\/"},{"@type":"ListItem","position":2,"name":"Contes du grand froid"}]},{"@type":"WebSite","@id":"https:\/\/lagrainebleue.fr\/#website","url":"https:\/\/lagrainebleue.fr\/","name":"Compagnie La Graine Bleue","description":"Th\u00e9\u00e2tre &amp; LSF ....................... &gt;&gt; Site en construction","potentialAction":[{"@type":"SearchAction","target":{"@type":"EntryPoint","urlTemplate":"https:\/\/lagrainebleue.fr\/?s={search_term_string}"},"query-input":{"@type":"PropertyValueSpecification","valueRequired":true,"valueName":"search_term_string"}}],"inLanguage":"fr-FR"}]}},"_links":{"self":[{"href":"https:\/\/lagrainebleue.fr\/index.php\/wp-json\/wp\/v2\/pages\/416","targetHints":{"allow":["GET"]}}],"collection":[{"href":"https:\/\/lagrainebleue.fr\/index.php\/wp-json\/wp\/v2\/pages"}],"about":[{"href":"https:\/\/lagrainebleue.fr\/index.php\/wp-json\/wp\/v2\/types\/page"}],"author":[{"embeddable":true,"href":"https:\/\/lagrainebleue.fr\/index.php\/wp-json\/wp\/v2\/users\/1"}],"replies":[{"embeddable":true,"href":"https:\/\/lagrainebleue.fr\/index.php\/wp-json\/wp\/v2\/comments?post=416"}],"version-history":[{"count":25,"href":"https:\/\/lagrainebleue.fr\/index.php\/wp-json\/wp\/v2\/pages\/416\/revisions"}],"predecessor-version":[{"id":483,"href":"https:\/\/lagrainebleue.fr\/index.php\/wp-json\/wp\/v2\/pages\/416\/revisions\/483"}],"wp:attachment":[{"href":"https:\/\/lagrainebleue.fr\/index.php\/wp-json\/wp\/v2\/media?parent=416"}],"curies":[{"name":"wp","href":"https:\/\/api.w.org\/{rel}","templated":true}]}}