{"id":498,"date":"2025-04-08T14:18:44","date_gmt":"2025-04-08T12:18:44","guid":{"rendered":"https:\/\/lagrainebleue.fr\/?page_id=498"},"modified":"2025-04-08T15:15:22","modified_gmt":"2025-04-08T13:15:22","slug":"maman-tu-fais-quoi","status":"publish","type":"page","link":"https:\/\/lagrainebleue.fr\/index.php\/maman-tu-fais-quoi\/","title":{"rendered":"Maman tu fais quoi"},"content":{"rendered":"\t\t<div data-elementor-type=\"wp-page\" data-elementor-id=\"498\" class=\"elementor elementor-498\">\n\t\t\t\t<div class=\"elementor-element elementor-element-58907c44 e-flex e-con-boxed e-con e-parent\" data-id=\"58907c44\" data-element_type=\"container\">\n\t\t\t\t\t<div class=\"e-con-inner\">\n\t\t<div class=\"elementor-element elementor-element-5db3d7d1 e-flex e-con-boxed e-con e-child\" data-id=\"5db3d7d1\" data-element_type=\"container\">\n\t\t\t\t\t<div class=\"e-con-inner\">\n\t\t<div class=\"elementor-element elementor-element-76ca0620 e-grid e-con-full e-con e-child\" data-id=\"76ca0620\" data-element_type=\"container\">\n\t\t\t\t<div class=\"elementor-element elementor-element-3caa08cf elementor-widget elementor-widget-heading\" data-id=\"3caa08cf\" data-element_type=\"widget\" data-widget_type=\"heading.default\">\n\t\t\t\t<div class=\"elementor-widget-container\">\n\t\t\t\t\t<h2 class=\"elementor-heading-title elementor-size-default\">Maman, tu fais quoi ?<\/h2>\t\t\t\t<\/div>\n\t\t\t\t<\/div>\n\t\t\t\t<div class=\"elementor-element elementor-element-261345fb elementor-widget elementor-widget-text-editor\" data-id=\"261345fb\" data-element_type=\"widget\" data-widget_type=\"text-editor.default\">\n\t\t\t\t<div class=\"elementor-widget-container\">\n\t\t\t\t\t\t\t\t\t<p><i>3\/7 ans &#8211; 30 mn<\/i><\/p>\t\t\t\t\t\t\t\t<\/div>\n\t\t\t\t<\/div>\n\t\t\t\t<\/div>\n\t\t\t\t\t<\/div>\n\t\t\t\t<\/div>\n\t\t<div class=\"elementor-element elementor-element-60004a75 e-flex e-con-boxed e-con e-child\" data-id=\"60004a75\" data-element_type=\"container\">\n\t\t\t\t\t<div class=\"e-con-inner\">\n\t\t<div class=\"elementor-element elementor-element-1b2a714c e-grid e-con-full e-con e-child\" data-id=\"1b2a714c\" data-element_type=\"container\">\n\t\t\t\t<div class=\"elementor-element elementor-element-7e08157a elementor-widget elementor-widget-text-editor\" data-id=\"7e08157a\" data-element_type=\"widget\" data-widget_type=\"text-editor.default\">\n\t\t\t\t<div class=\"elementor-widget-container\">\n\t\t\t\t\t\t\t\t\tUne maman toujours bien trop occup\u00e9e, des souris, un arbre, un hibou et pleins d&rsquo;autres amis&#8230; un orage aussi. Ce conte bilingue fran\u00e7ais\/langue des signes, raconte le parcours initiatique d&rsquo;un p&rsquo;tit loup qui d\u00e9couvre la confiance en soi, le courage et l&rsquo;amiti\u00e9.\n\nLa langue des signes vient souligner le langage parl\u00e9 du conte. Une belle mani\u00e8re de s&rsquo;initier en famille \u00e0 la LSF.\n<br><br>\n<em>\u00ab\u00a0A la lisi\u00e8re d&rsquo;un grand bois, dans une tani\u00e8re, jolie et confortable, habitent p&rsquo;tit loup et sa maman. Il y a une cuisine, une salle de bain, la chambre de p&rsquo;tit loup&#8230;\u00a0\u00bb<\/em>\t\t\t\t\t\t\t\t<\/div>\n\t\t\t\t<\/div>\n\t\t<div class=\"elementor-element elementor-element-d10ce0c e-grid e-con-full e-con e-child\" data-id=\"d10ce0c\" data-element_type=\"container\">\n\t\t\t\t<div class=\"elementor-element elementor-element-76d39e82 elementor-view-default elementor-position-top elementor-mobile-position-top elementor-widget elementor-widget-icon-box\" data-id=\"76d39e82\" data-element_type=\"widget\" data-widget_type=\"icon-box.default\">\n\t\t\t\t<div class=\"elementor-widget-container\">\n\t\t\t\t\t\t\t<div class=\"elementor-icon-box-wrapper\">\n\n\t\t\t\t\t\t<div class=\"elementor-icon-box-icon\">\n\t\t\t\t<a href=\"http:\/\/lagrainebleue.fr\/wp-content\/uploads\/2025\/04\/LaGraineBleue-Mamantufaisquoi.pdf\" target=\"_blank\" class=\"elementor-icon\" tabindex=\"-1\" aria-label=\"Dossier de pr\u00e9sentation\">\n\t\t\t\t<svg aria-hidden=\"true\" class=\"e-font-icon-svg e-fas-file-pdf\" viewBox=\"0 0 384 512\" xmlns=\"http:\/\/www.w3.org\/2000\/svg\"><path d=\"M181.9 256.1c-5-16-4.9-46.9-2-46.9 8.4 0 7.6 36.9 2 46.9zm-1.7 47.2c-7.7 20.2-17.3 43.3-28.4 62.7 18.3-7 39-17.2 62.9-21.9-12.7-9.6-24.9-23.4-34.5-40.8zM86.1 428.1c0 .8 13.2-5.4 34.9-40.2-6.7 6.3-29.1 24.5-34.9 40.2zM248 160h136v328c0 13.3-10.7 24-24 24H24c-13.3 0-24-10.7-24-24V24C0 10.7 10.7 0 24 0h200v136c0 13.2 10.8 24 24 24zm-8 171.8c-20-12.2-33.3-29-42.7-53.8 4.5-18.5 11.6-46.6 6.2-64.2-4.7-29.4-42.4-26.5-47.8-6.8-5 18.3-.4 44.1 8.1 77-11.6 27.6-28.7 64.6-40.8 85.8-.1 0-.1.1-.2.1-27.1 13.9-73.6 44.5-54.5 68 5.6 6.9 16 10 21.5 10 17.9 0 35.7-18 61.1-61.8 25.8-8.5 54.1-19.1 79-23.2 21.7 11.8 47.1 19.5 64 19.5 29.2 0 31.2-32 19.7-43.4-13.9-13.6-54.3-9.7-73.6-7.2zM377 105L279 7c-4.5-4.5-10.6-7-17-7h-6v128h128v-6.1c0-6.3-2.5-12.4-7-16.9zm-74.1 255.3c4.1-2.7-2.5-11.9-42.8-9 37.1 15.8 42.8 9 42.8 9z\"><\/path><\/svg>\t\t\t\t<\/a>\n\t\t\t<\/div>\n\t\t\t\n\t\t\t\t\t\t<div class=\"elementor-icon-box-content\">\n\n\t\t\t\t\t\t\t\t\t<div class=\"elementor-icon-box-title\">\n\t\t\t\t\t\t<a href=\"http:\/\/lagrainebleue.fr\/wp-content\/uploads\/2025\/04\/LaGraineBleue-Mamantufaisquoi.pdf\" target=\"_blank\" >\n\t\t\t\t\t\t\tDossier de pr\u00e9sentation\t\t\t\t\t\t<\/a>\n\t\t\t\t\t<\/div>\n\t\t\t\t\n\t\t\t\t\n\t\t\t<\/div>\n\t\t\t\n\t\t<\/div>\n\t\t\t\t\t\t<\/div>\n\t\t\t\t<\/div>\n\t\t\t\t<\/div>\n\t\t\t\t<\/div>\n\t\t\t\t\t<\/div>\n\t\t\t\t<\/div>\n\t\t\t\t<div class=\"elementor-element elementor-element-96cdd77 elementor-widget elementor-widget-image\" data-id=\"96cdd77\" data-element_type=\"widget\" data-widget_type=\"image.default\">\n\t\t\t\t<div class=\"elementor-widget-container\">\n\t\t\t\t\t\t\t\t\t\t\t\t\t\t\t<img decoding=\"async\" src=\"http:\/\/lagrainebleue.fr\/wp-content\/uploads\/2025\/03\/05.jpg\" title=\"\" alt=\"\" loading=\"lazy\" \/>\t\t\t\t\t\t\t\t\t\t\t\t\t\t\t<\/div>\n\t\t\t\t<\/div>\n\t\t<div class=\"elementor-element elementor-element-9252ebe e-flex e-con-boxed e-con e-child\" data-id=\"9252ebe\" data-element_type=\"container\">\n\t\t\t\t\t<div class=\"e-con-inner\">\n\t\t\t\t<div class=\"elementor-element elementor-element-27b608d3 elementor-arrows-position-inside elementor-pagination-position-outside elementor-widget elementor-widget-image-carousel\" data-id=\"27b608d3\" data-element_type=\"widget\" data-settings=\"{&quot;slides_to_show&quot;:&quot;2&quot;,&quot;navigation&quot;:&quot;both&quot;,&quot;autoplay&quot;:&quot;yes&quot;,&quot;pause_on_hover&quot;:&quot;yes&quot;,&quot;pause_on_interaction&quot;:&quot;yes&quot;,&quot;autoplay_speed&quot;:5000,&quot;infinite&quot;:&quot;yes&quot;,&quot;speed&quot;:500}\" data-widget_type=\"image-carousel.default\">\n\t\t\t\t<div class=\"elementor-widget-container\">\n\t\t\t\t\t\t\t<div class=\"elementor-image-carousel-wrapper swiper\" role=\"region\" aria-roledescription=\"carousel\" aria-label=\"Carrousel d\u2019images\" dir=\"ltr\">\n\t\t\t<div class=\"elementor-image-carousel swiper-wrapper\" aria-live=\"off\">\n\t\t\t\t\t\t\t\t<div class=\"swiper-slide\" role=\"group\" aria-roledescription=\"slide\" aria-label=\"1 sur 8\"><figure class=\"swiper-slide-inner\"><img decoding=\"async\" class=\"swiper-slide-image\" src=\"https:\/\/lagrainebleue.fr\/wp-content\/uploads\/2025\/04\/MTFQ_01-1024x683.jpg\" alt=\"MTFQ_01\" \/><\/figure><\/div><div class=\"swiper-slide\" role=\"group\" aria-roledescription=\"slide\" aria-label=\"2 sur 8\"><figure class=\"swiper-slide-inner\"><img decoding=\"async\" class=\"swiper-slide-image\" src=\"https:\/\/lagrainebleue.fr\/wp-content\/uploads\/2025\/04\/MTFQ_02-1024x683.jpg\" alt=\"MTFQ_02\" \/><\/figure><\/div><div class=\"swiper-slide\" role=\"group\" aria-roledescription=\"slide\" aria-label=\"3 sur 8\"><figure class=\"swiper-slide-inner\"><img decoding=\"async\" class=\"swiper-slide-image\" src=\"https:\/\/lagrainebleue.fr\/wp-content\/uploads\/2025\/04\/MTFQ_03-1024x683.jpg\" alt=\"MTFQ_03\" \/><\/figure><\/div><div class=\"swiper-slide\" role=\"group\" aria-roledescription=\"slide\" aria-label=\"4 sur 8\"><figure class=\"swiper-slide-inner\"><img decoding=\"async\" class=\"swiper-slide-image\" src=\"https:\/\/lagrainebleue.fr\/wp-content\/uploads\/2025\/04\/MTFQ_04-1024x683.jpg\" alt=\"MTFQ_04\" \/><\/figure><\/div><div class=\"swiper-slide\" role=\"group\" aria-roledescription=\"slide\" aria-label=\"5 sur 8\"><figure class=\"swiper-slide-inner\"><img decoding=\"async\" class=\"swiper-slide-image\" src=\"https:\/\/lagrainebleue.fr\/wp-content\/uploads\/2025\/04\/MTFQ_05-1024x683.jpg\" alt=\"MTFQ_05\" \/><\/figure><\/div><div class=\"swiper-slide\" role=\"group\" aria-roledescription=\"slide\" aria-label=\"6 sur 8\"><figure class=\"swiper-slide-inner\"><img decoding=\"async\" class=\"swiper-slide-image\" src=\"https:\/\/lagrainebleue.fr\/wp-content\/uploads\/2025\/04\/MTFQ_06-1024x683.jpg\" alt=\"MTFQ_06\" \/><\/figure><\/div><div class=\"swiper-slide\" role=\"group\" aria-roledescription=\"slide\" aria-label=\"7 sur 8\"><figure class=\"swiper-slide-inner\"><img decoding=\"async\" class=\"swiper-slide-image\" src=\"https:\/\/lagrainebleue.fr\/wp-content\/uploads\/2025\/04\/MTFQ_07-1024x683.jpg\" alt=\"MTFQ_07\" \/><\/figure><\/div><div class=\"swiper-slide\" role=\"group\" aria-roledescription=\"slide\" aria-label=\"8 sur 8\"><figure class=\"swiper-slide-inner\"><img decoding=\"async\" class=\"swiper-slide-image\" src=\"https:\/\/lagrainebleue.fr\/wp-content\/uploads\/2025\/04\/MTFQ_08-1024x683.jpg\" alt=\"MTFQ_08\" \/><\/figure><\/div>\t\t\t<\/div>\n\t\t\t\t\t\t\t\t\t\t\t\t<div class=\"elementor-swiper-button elementor-swiper-button-prev\" role=\"button\" tabindex=\"0\">\n\t\t\t\t\t\t<svg aria-hidden=\"true\" class=\"e-font-icon-svg e-eicon-chevron-left\" viewBox=\"0 0 1000 1000\" xmlns=\"http:\/\/www.w3.org\/2000\/svg\"><path d=\"M646 125C629 125 613 133 604 142L308 442C296 454 292 471 292 487 292 504 296 521 308 533L604 854C617 867 629 875 646 875 663 875 679 871 692 858 704 846 713 829 713 812 713 796 708 779 692 767L438 487 692 225C700 217 708 204 708 187 708 171 704 154 692 142 675 129 663 125 646 125Z\"><\/path><\/svg>\t\t\t\t\t<\/div>\n\t\t\t\t\t<div class=\"elementor-swiper-button elementor-swiper-button-next\" role=\"button\" tabindex=\"0\">\n\t\t\t\t\t\t<svg aria-hidden=\"true\" class=\"e-font-icon-svg e-eicon-chevron-right\" viewBox=\"0 0 1000 1000\" xmlns=\"http:\/\/www.w3.org\/2000\/svg\"><path d=\"M696 533C708 521 713 504 713 487 713 471 708 454 696 446L400 146C388 133 375 125 354 125 338 125 325 129 313 142 300 154 292 171 292 187 292 204 296 221 308 233L563 492 304 771C292 783 288 800 288 817 288 833 296 850 308 863 321 871 338 875 354 875 371 875 388 867 400 854L696 533Z\"><\/path><\/svg>\t\t\t\t\t<\/div>\n\t\t\t\t\n\t\t\t\t\t\t\t\t\t<div class=\"swiper-pagination\"><\/div>\n\t\t\t\t\t\t\t\t\t<\/div>\n\t\t\t\t\t\t<\/div>\n\t\t\t\t<\/div>\n\t\t\t\t\t<\/div>\n\t\t\t\t<\/div>\n\t\t\t\t\t<\/div>\n\t\t\t\t<\/div>\n\t\t<div class=\"elementor-element elementor-element-3898e94 e-flex e-con-boxed e-con e-parent\" data-id=\"3898e94\" data-element_type=\"container\">\n\t\t\t\t\t<div class=\"e-con-inner\">\n\t\t\t\t\t<\/div>\n\t\t\t\t<\/div>\n\t\t<div class=\"elementor-element elementor-element-047d1f9 e-flex e-con-boxed e-con e-parent\" data-id=\"047d1f9\" data-element_type=\"container\">\n\t\t\t\t\t<div class=\"e-con-inner\">\n\t\t\t\t\t<\/div>\n\t\t\t\t<\/div>\n\t\t\t\t<\/div>\n\t\t","protected":false},"excerpt":{"rendered":"<p>Maman, tu fais quoi ? 3\/7 ans &#8211; 30 mn Une maman toujours bien trop occup\u00e9e, des souris, un arbre, un hibou et pleins d&rsquo;autres amis&#8230; un orage aussi. Ce conte bilingue fran\u00e7ais\/langue des signes, raconte le parcours initiatique d&rsquo;un p&rsquo;tit loup qui d\u00e9couvre la confiance en soi, le courage et l&rsquo;amiti\u00e9. La langue des signes vient souligner le langage parl\u00e9 du conte. Une belle&hellip; <\/p>\n","protected":false},"author":1,"featured_media":0,"parent":0,"menu_order":0,"comment_status":"closed","ping_status":"closed","template":"","meta":{"footnotes":""},"class_list":["post-498","page","type-page","status-publish","hentry","clearfix"],"yoast_head":"<!-- This site is optimized with the Yoast SEO plugin v26.4 - https:\/\/yoast.com\/wordpress\/plugins\/seo\/ -->\n<title>Maman tu fais quoi - Compagnie La Graine Bleue<\/title>\n<meta name=\"robots\" content=\"index, follow, max-snippet:-1, max-image-preview:large, max-video-preview:-1\" \/>\n<link rel=\"canonical\" href=\"https:\/\/lagrainebleue.fr\/index.php\/maman-tu-fais-quoi\/\" \/>\n<meta property=\"og:locale\" content=\"fr_FR\" \/>\n<meta property=\"og:type\" content=\"article\" \/>\n<meta property=\"og:title\" content=\"Maman tu fais quoi - Compagnie La Graine Bleue\" \/>\n<meta property=\"og:description\" content=\"Maman, tu fais quoi ? 3\/7 ans &#8211; 30 mn Une maman toujours bien trop occup\u00e9e, des souris, un arbre, un hibou et pleins d&rsquo;autres amis&#8230; un orage aussi. Ce conte bilingue fran\u00e7ais\/langue des signes, raconte le parcours initiatique d&rsquo;un p&rsquo;tit loup qui d\u00e9couvre la confiance en soi, le courage et l&rsquo;amiti\u00e9. La langue des signes vient souligner le langage parl\u00e9 du conte. Une belle&hellip;\" \/>\n<meta property=\"og:url\" content=\"https:\/\/lagrainebleue.fr\/index.php\/maman-tu-fais-quoi\/\" \/>\n<meta property=\"og:site_name\" content=\"Compagnie La Graine Bleue\" \/>\n<meta property=\"article:modified_time\" content=\"2025-04-08T13:15:22+00:00\" \/>\n<meta property=\"og:image\" content=\"http:\/\/lagrainebleue.fr\/wp-content\/uploads\/2025\/03\/05.jpg\" \/>\n<meta name=\"twitter:card\" content=\"summary_large_image\" \/>\n<meta name=\"twitter:label1\" content=\"Dur\u00e9e de lecture estim\u00e9e\" \/>\n\t<meta name=\"twitter:data1\" content=\"4 minutes\" \/>\n<script type=\"application\/ld+json\" class=\"yoast-schema-graph\">{\"@context\":\"https:\/\/schema.org\",\"@graph\":[{\"@type\":\"WebPage\",\"@id\":\"https:\/\/lagrainebleue.fr\/index.php\/maman-tu-fais-quoi\/\",\"url\":\"https:\/\/lagrainebleue.fr\/index.php\/maman-tu-fais-quoi\/\",\"name\":\"Maman tu fais quoi - Compagnie La Graine Bleue\",\"isPartOf\":{\"@id\":\"https:\/\/lagrainebleue.fr\/#website\"},\"primaryImageOfPage\":{\"@id\":\"https:\/\/lagrainebleue.fr\/index.php\/maman-tu-fais-quoi\/#primaryimage\"},\"image\":{\"@id\":\"https:\/\/lagrainebleue.fr\/index.php\/maman-tu-fais-quoi\/#primaryimage\"},\"thumbnailUrl\":\"http:\/\/lagrainebleue.fr\/wp-content\/uploads\/2025\/03\/05.jpg\",\"datePublished\":\"2025-04-08T12:18:44+00:00\",\"dateModified\":\"2025-04-08T13:15:22+00:00\",\"breadcrumb\":{\"@id\":\"https:\/\/lagrainebleue.fr\/index.php\/maman-tu-fais-quoi\/#breadcrumb\"},\"inLanguage\":\"fr-FR\",\"potentialAction\":[{\"@type\":\"ReadAction\",\"target\":[\"https:\/\/lagrainebleue.fr\/index.php\/maman-tu-fais-quoi\/\"]}]},{\"@type\":\"ImageObject\",\"inLanguage\":\"fr-FR\",\"@id\":\"https:\/\/lagrainebleue.fr\/index.php\/maman-tu-fais-quoi\/#primaryimage\",\"url\":\"http:\/\/lagrainebleue.fr\/wp-content\/uploads\/2025\/03\/05.jpg\",\"contentUrl\":\"http:\/\/lagrainebleue.fr\/wp-content\/uploads\/2025\/03\/05.jpg\"},{\"@type\":\"BreadcrumbList\",\"@id\":\"https:\/\/lagrainebleue.fr\/index.php\/maman-tu-fais-quoi\/#breadcrumb\",\"itemListElement\":[{\"@type\":\"ListItem\",\"position\":1,\"name\":\"Accueil\",\"item\":\"https:\/\/lagrainebleue.fr\/\"},{\"@type\":\"ListItem\",\"position\":2,\"name\":\"Maman tu fais quoi\"}]},{\"@type\":\"WebSite\",\"@id\":\"https:\/\/lagrainebleue.fr\/#website\",\"url\":\"https:\/\/lagrainebleue.fr\/\",\"name\":\"Compagnie La Graine Bleue\",\"description\":\"Th\u00e9\u00e2tre &amp; LSF ....................... &gt;&gt; Site en construction\",\"potentialAction\":[{\"@type\":\"SearchAction\",\"target\":{\"@type\":\"EntryPoint\",\"urlTemplate\":\"https:\/\/lagrainebleue.fr\/?s={search_term_string}\"},\"query-input\":{\"@type\":\"PropertyValueSpecification\",\"valueRequired\":true,\"valueName\":\"search_term_string\"}}],\"inLanguage\":\"fr-FR\"}]}<\/script>\n<!-- \/ Yoast SEO plugin. -->","yoast_head_json":{"title":"Maman tu fais quoi - Compagnie La Graine Bleue","robots":{"index":"index","follow":"follow","max-snippet":"max-snippet:-1","max-image-preview":"max-image-preview:large","max-video-preview":"max-video-preview:-1"},"canonical":"https:\/\/lagrainebleue.fr\/index.php\/maman-tu-fais-quoi\/","og_locale":"fr_FR","og_type":"article","og_title":"Maman tu fais quoi - Compagnie La Graine Bleue","og_description":"Maman, tu fais quoi ? 3\/7 ans &#8211; 30 mn Une maman toujours bien trop occup\u00e9e, des souris, un arbre, un hibou et pleins d&rsquo;autres amis&#8230; un orage aussi. Ce conte bilingue fran\u00e7ais\/langue des signes, raconte le parcours initiatique d&rsquo;un p&rsquo;tit loup qui d\u00e9couvre la confiance en soi, le courage et l&rsquo;amiti\u00e9. La langue des signes vient souligner le langage parl\u00e9 du conte. Une belle&hellip;","og_url":"https:\/\/lagrainebleue.fr\/index.php\/maman-tu-fais-quoi\/","og_site_name":"Compagnie La Graine Bleue","article_modified_time":"2025-04-08T13:15:22+00:00","og_image":[{"url":"http:\/\/lagrainebleue.fr\/wp-content\/uploads\/2025\/03\/05.jpg","type":"","width":"","height":""}],"twitter_card":"summary_large_image","twitter_misc":{"Dur\u00e9e de lecture estim\u00e9e":"4 minutes"},"schema":{"@context":"https:\/\/schema.org","@graph":[{"@type":"WebPage","@id":"https:\/\/lagrainebleue.fr\/index.php\/maman-tu-fais-quoi\/","url":"https:\/\/lagrainebleue.fr\/index.php\/maman-tu-fais-quoi\/","name":"Maman tu fais quoi - Compagnie La Graine Bleue","isPartOf":{"@id":"https:\/\/lagrainebleue.fr\/#website"},"primaryImageOfPage":{"@id":"https:\/\/lagrainebleue.fr\/index.php\/maman-tu-fais-quoi\/#primaryimage"},"image":{"@id":"https:\/\/lagrainebleue.fr\/index.php\/maman-tu-fais-quoi\/#primaryimage"},"thumbnailUrl":"http:\/\/lagrainebleue.fr\/wp-content\/uploads\/2025\/03\/05.jpg","datePublished":"2025-04-08T12:18:44+00:00","dateModified":"2025-04-08T13:15:22+00:00","breadcrumb":{"@id":"https:\/\/lagrainebleue.fr\/index.php\/maman-tu-fais-quoi\/#breadcrumb"},"inLanguage":"fr-FR","potentialAction":[{"@type":"ReadAction","target":["https:\/\/lagrainebleue.fr\/index.php\/maman-tu-fais-quoi\/"]}]},{"@type":"ImageObject","inLanguage":"fr-FR","@id":"https:\/\/lagrainebleue.fr\/index.php\/maman-tu-fais-quoi\/#primaryimage","url":"http:\/\/lagrainebleue.fr\/wp-content\/uploads\/2025\/03\/05.jpg","contentUrl":"http:\/\/lagrainebleue.fr\/wp-content\/uploads\/2025\/03\/05.jpg"},{"@type":"BreadcrumbList","@id":"https:\/\/lagrainebleue.fr\/index.php\/maman-tu-fais-quoi\/#breadcrumb","itemListElement":[{"@type":"ListItem","position":1,"name":"Accueil","item":"https:\/\/lagrainebleue.fr\/"},{"@type":"ListItem","position":2,"name":"Maman tu fais quoi"}]},{"@type":"WebSite","@id":"https:\/\/lagrainebleue.fr\/#website","url":"https:\/\/lagrainebleue.fr\/","name":"Compagnie La Graine Bleue","description":"Th\u00e9\u00e2tre &amp; LSF ....................... &gt;&gt; Site en construction","potentialAction":[{"@type":"SearchAction","target":{"@type":"EntryPoint","urlTemplate":"https:\/\/lagrainebleue.fr\/?s={search_term_string}"},"query-input":{"@type":"PropertyValueSpecification","valueRequired":true,"valueName":"search_term_string"}}],"inLanguage":"fr-FR"}]}},"_links":{"self":[{"href":"https:\/\/lagrainebleue.fr\/index.php\/wp-json\/wp\/v2\/pages\/498","targetHints":{"allow":["GET"]}}],"collection":[{"href":"https:\/\/lagrainebleue.fr\/index.php\/wp-json\/wp\/v2\/pages"}],"about":[{"href":"https:\/\/lagrainebleue.fr\/index.php\/wp-json\/wp\/v2\/types\/page"}],"author":[{"embeddable":true,"href":"https:\/\/lagrainebleue.fr\/index.php\/wp-json\/wp\/v2\/users\/1"}],"replies":[{"embeddable":true,"href":"https:\/\/lagrainebleue.fr\/index.php\/wp-json\/wp\/v2\/comments?post=498"}],"version-history":[{"count":13,"href":"https:\/\/lagrainebleue.fr\/index.php\/wp-json\/wp\/v2\/pages\/498\/revisions"}],"predecessor-version":[{"id":532,"href":"https:\/\/lagrainebleue.fr\/index.php\/wp-json\/wp\/v2\/pages\/498\/revisions\/532"}],"wp:attachment":[{"href":"https:\/\/lagrainebleue.fr\/index.php\/wp-json\/wp\/v2\/media?parent=498"}],"curies":[{"name":"wp","href":"https:\/\/api.w.org\/{rel}","templated":true}]}}