{"id":533,"date":"2025-04-08T15:18:51","date_gmt":"2025-04-08T13:18:51","guid":{"rendered":"https:\/\/lagrainebleue.fr\/?page_id=533"},"modified":"2025-04-08T15:24:56","modified_gmt":"2025-04-08T13:24:56","slug":"comptines-en-lsf","status":"publish","type":"page","link":"https:\/\/lagrainebleue.fr\/index.php\/comptines-en-lsf\/","title":{"rendered":"Comptines en lsf"},"content":{"rendered":"\t\t<div data-elementor-type=\"wp-page\" data-elementor-id=\"533\" class=\"elementor elementor-533\">\n\t\t\t\t<div class=\"elementor-element elementor-element-34d5f893 e-flex e-con-boxed e-con e-parent\" data-id=\"34d5f893\" data-element_type=\"container\">\n\t\t\t\t\t<div class=\"e-con-inner\">\n\t\t<div class=\"elementor-element elementor-element-45869071 e-flex e-con-boxed e-con e-child\" data-id=\"45869071\" data-element_type=\"container\">\n\t\t\t\t\t<div class=\"e-con-inner\">\n\t\t<div class=\"elementor-element elementor-element-5c28d762 e-grid e-con-full e-con e-child\" data-id=\"5c28d762\" data-element_type=\"container\">\n\t\t\t\t<div class=\"elementor-element elementor-element-3da53f4c elementor-widget elementor-widget-heading\" data-id=\"3da53f4c\" data-element_type=\"widget\" data-widget_type=\"heading.default\">\n\t\t\t\t<div class=\"elementor-widget-container\">\n\t\t\t\t\t<h2 class=\"elementor-heading-title elementor-size-default\">Contes et comptines en LSF<\/h2>\t\t\t\t<\/div>\n\t\t\t\t<\/div>\n\t\t\t\t<div class=\"elementor-element elementor-element-12d3570c elementor-widget elementor-widget-text-editor\" data-id=\"12d3570c\" data-element_type=\"widget\" data-widget_type=\"text-editor.default\">\n\t\t\t\t<div class=\"elementor-widget-container\">\n\t\t\t\t\t\t\t\t\t<p>Pour les parents et leur tout-petit<\/p>\t\t\t\t\t\t\t\t<\/div>\n\t\t\t\t<\/div>\n\t\t\t\t<\/div>\n\t\t\t\t\t<\/div>\n\t\t\t\t<\/div>\n\t\t<div class=\"elementor-element elementor-element-558814d5 e-flex e-con-boxed e-con e-child\" data-id=\"558814d5\" data-element_type=\"container\">\n\t\t\t\t\t<div class=\"e-con-inner\">\n\t\t<div class=\"elementor-element elementor-element-5f4d72d7 e-grid e-con-full e-con e-child\" data-id=\"5f4d72d7\" data-element_type=\"container\">\n\t\t\t\t<div class=\"elementor-element elementor-element-6f924601 elementor-widget elementor-widget-text-editor\" data-id=\"6f924601\" data-element_type=\"widget\" data-widget_type=\"text-editor.default\">\n\t\t\t\t<div class=\"elementor-widget-container\">\n\t\t\t\t\t\t\t\t\t<p>Gr\u00e2ce \u00e0 la communication gestuelle, nous utiliserons le vocabulaire de la Langue des Signes Fran\u00e7aise pour \u00absigner\u00bb avec les enfants.<\/p><p>J\u2019apporterais dans ma besace des comptines, des albums jeunesse et des mots du quotidien que nous chanterons et raconterons en signes et en voix.<\/p><p>Une fa\u00e7on ludique de d\u00e9couvrir la <strong>communication gestuelle <\/strong>et de faciliter la communication avec son jeune enfant.<\/p>\t\t\t\t\t\t\t\t<\/div>\n\t\t\t\t<\/div>\n\t\t<div class=\"elementor-element elementor-element-3d460178 e-grid e-con-full e-con e-child\" data-id=\"3d460178\" data-element_type=\"container\">\n\t\t\t\t<\/div>\n\t\t\t\t<\/div>\n\t\t\t\t\t<\/div>\n\t\t\t\t<\/div>\n\t\t<div class=\"elementor-element elementor-element-3b2ac9f9 e-flex e-con-boxed e-con e-child\" data-id=\"3b2ac9f9\" data-element_type=\"container\">\n\t\t\t\t\t<div class=\"e-con-inner\">\n\t\t\t\t<div class=\"elementor-element elementor-element-d3aaad6 elementor-widget elementor-widget-image\" data-id=\"d3aaad6\" data-element_type=\"widget\" data-widget_type=\"image.default\">\n\t\t\t\t<div class=\"elementor-widget-container\">\n\t\t\t\t\t\t\t\t\t\t\t\t\t\t\t<img fetchpriority=\"high\" decoding=\"async\" width=\"790\" height=\"662\" src=\"https:\/\/lagrainebleue.fr\/wp-content\/uploads\/2025\/03\/CONTES-ET-COMPTINES.jpg\" class=\"attachment-large size-large wp-image-259\" alt=\"\" srcset=\"https:\/\/lagrainebleue.fr\/wp-content\/uploads\/2025\/03\/CONTES-ET-COMPTINES.jpg 940w, https:\/\/lagrainebleue.fr\/wp-content\/uploads\/2025\/03\/CONTES-ET-COMPTINES-300x251.jpg 300w, https:\/\/lagrainebleue.fr\/wp-content\/uploads\/2025\/03\/CONTES-ET-COMPTINES-768x644.jpg 768w\" sizes=\"(max-width: 790px) 100vw, 790px\" \/>\t\t\t\t\t\t\t\t\t\t\t\t\t\t\t<\/div>\n\t\t\t\t<\/div>\n\t\t\t\t\t<\/div>\n\t\t\t\t<\/div>\n\t\t\t\t\t<\/div>\n\t\t\t\t<\/div>\n\t\t<div class=\"elementor-element elementor-element-d3263dd e-flex e-con-boxed e-con e-parent\" data-id=\"d3263dd\" data-element_type=\"container\">\n\t\t\t\t\t<div class=\"e-con-inner\">\n\t\t\t\t\t<\/div>\n\t\t\t\t<\/div>\n\t\t\t\t<\/div>\n\t\t","protected":false},"excerpt":{"rendered":"<p>Contes et comptines en LSF Pour les parents et leur tout-petit Gr\u00e2ce \u00e0 la communication gestuelle, nous utiliserons le vocabulaire de la Langue des Signes Fran\u00e7aise pour \u00absigner\u00bb avec les enfants. J\u2019apporterais dans ma besace des comptines, des albums jeunesse et des mots du quotidien que nous chanterons et raconterons en signes et en voix. Une fa\u00e7on ludique de d\u00e9couvrir la communication gestuelle et de&hellip; <\/p>\n","protected":false},"author":1,"featured_media":0,"parent":0,"menu_order":0,"comment_status":"closed","ping_status":"closed","template":"","meta":{"footnotes":""},"class_list":["post-533","page","type-page","status-publish","hentry","clearfix"],"yoast_head":"<!-- This site is optimized with the Yoast SEO plugin v26.4 - https:\/\/yoast.com\/wordpress\/plugins\/seo\/ -->\n<title>Comptines en lsf - Compagnie La Graine Bleue<\/title>\n<meta name=\"robots\" content=\"index, follow, max-snippet:-1, max-image-preview:large, max-video-preview:-1\" \/>\n<link rel=\"canonical\" href=\"https:\/\/lagrainebleue.fr\/index.php\/comptines-en-lsf\/\" \/>\n<meta property=\"og:locale\" content=\"fr_FR\" \/>\n<meta property=\"og:type\" content=\"article\" \/>\n<meta property=\"og:title\" content=\"Comptines en lsf - Compagnie La Graine Bleue\" \/>\n<meta property=\"og:description\" content=\"Contes et comptines en LSF Pour les parents et leur tout-petit Gr\u00e2ce \u00e0 la communication gestuelle, nous utiliserons le vocabulaire de la Langue des Signes Fran\u00e7aise pour \u00absigner\u00bb avec les enfants. J\u2019apporterais dans ma besace des comptines, des albums jeunesse et des mots du quotidien que nous chanterons et raconterons en signes et en voix. Une fa\u00e7on ludique de d\u00e9couvrir la communication gestuelle et de&hellip;\" \/>\n<meta property=\"og:url\" content=\"https:\/\/lagrainebleue.fr\/index.php\/comptines-en-lsf\/\" \/>\n<meta property=\"og:site_name\" content=\"Compagnie La Graine Bleue\" \/>\n<meta property=\"article:modified_time\" content=\"2025-04-08T13:24:56+00:00\" \/>\n<meta property=\"og:image\" content=\"http:\/\/lagrainebleue.fr\/wp-content\/uploads\/2025\/03\/CONTES-ET-COMPTINES.jpg\" \/>\n<meta name=\"twitter:card\" content=\"summary_large_image\" \/>\n<script type=\"application\/ld+json\" class=\"yoast-schema-graph\">{\"@context\":\"https:\/\/schema.org\",\"@graph\":[{\"@type\":\"WebPage\",\"@id\":\"https:\/\/lagrainebleue.fr\/index.php\/comptines-en-lsf\/\",\"url\":\"https:\/\/lagrainebleue.fr\/index.php\/comptines-en-lsf\/\",\"name\":\"Comptines en lsf - Compagnie La Graine Bleue\",\"isPartOf\":{\"@id\":\"https:\/\/lagrainebleue.fr\/#website\"},\"primaryImageOfPage\":{\"@id\":\"https:\/\/lagrainebleue.fr\/index.php\/comptines-en-lsf\/#primaryimage\"},\"image\":{\"@id\":\"https:\/\/lagrainebleue.fr\/index.php\/comptines-en-lsf\/#primaryimage\"},\"thumbnailUrl\":\"http:\/\/lagrainebleue.fr\/wp-content\/uploads\/2025\/03\/CONTES-ET-COMPTINES.jpg\",\"datePublished\":\"2025-04-08T13:18:51+00:00\",\"dateModified\":\"2025-04-08T13:24:56+00:00\",\"breadcrumb\":{\"@id\":\"https:\/\/lagrainebleue.fr\/index.php\/comptines-en-lsf\/#breadcrumb\"},\"inLanguage\":\"fr-FR\",\"potentialAction\":[{\"@type\":\"ReadAction\",\"target\":[\"https:\/\/lagrainebleue.fr\/index.php\/comptines-en-lsf\/\"]}]},{\"@type\":\"ImageObject\",\"inLanguage\":\"fr-FR\",\"@id\":\"https:\/\/lagrainebleue.fr\/index.php\/comptines-en-lsf\/#primaryimage\",\"url\":\"https:\/\/lagrainebleue.fr\/wp-content\/uploads\/2025\/03\/CONTES-ET-COMPTINES.jpg\",\"contentUrl\":\"https:\/\/lagrainebleue.fr\/wp-content\/uploads\/2025\/03\/CONTES-ET-COMPTINES.jpg\",\"width\":940,\"height\":788},{\"@type\":\"BreadcrumbList\",\"@id\":\"https:\/\/lagrainebleue.fr\/index.php\/comptines-en-lsf\/#breadcrumb\",\"itemListElement\":[{\"@type\":\"ListItem\",\"position\":1,\"name\":\"Accueil\",\"item\":\"https:\/\/lagrainebleue.fr\/\"},{\"@type\":\"ListItem\",\"position\":2,\"name\":\"Comptines en lsf\"}]},{\"@type\":\"WebSite\",\"@id\":\"https:\/\/lagrainebleue.fr\/#website\",\"url\":\"https:\/\/lagrainebleue.fr\/\",\"name\":\"Compagnie La Graine Bleue\",\"description\":\"Th\u00e9\u00e2tre &amp; LSF ....................... &gt;&gt; Site en construction\",\"potentialAction\":[{\"@type\":\"SearchAction\",\"target\":{\"@type\":\"EntryPoint\",\"urlTemplate\":\"https:\/\/lagrainebleue.fr\/?s={search_term_string}\"},\"query-input\":{\"@type\":\"PropertyValueSpecification\",\"valueRequired\":true,\"valueName\":\"search_term_string\"}}],\"inLanguage\":\"fr-FR\"}]}<\/script>\n<!-- \/ Yoast SEO plugin. -->","yoast_head_json":{"title":"Comptines en lsf - Compagnie La Graine Bleue","robots":{"index":"index","follow":"follow","max-snippet":"max-snippet:-1","max-image-preview":"max-image-preview:large","max-video-preview":"max-video-preview:-1"},"canonical":"https:\/\/lagrainebleue.fr\/index.php\/comptines-en-lsf\/","og_locale":"fr_FR","og_type":"article","og_title":"Comptines en lsf - Compagnie La Graine Bleue","og_description":"Contes et comptines en LSF Pour les parents et leur tout-petit Gr\u00e2ce \u00e0 la communication gestuelle, nous utiliserons le vocabulaire de la Langue des Signes Fran\u00e7aise pour \u00absigner\u00bb avec les enfants. J\u2019apporterais dans ma besace des comptines, des albums jeunesse et des mots du quotidien que nous chanterons et raconterons en signes et en voix. Une fa\u00e7on ludique de d\u00e9couvrir la communication gestuelle et de&hellip;","og_url":"https:\/\/lagrainebleue.fr\/index.php\/comptines-en-lsf\/","og_site_name":"Compagnie La Graine Bleue","article_modified_time":"2025-04-08T13:24:56+00:00","og_image":[{"url":"http:\/\/lagrainebleue.fr\/wp-content\/uploads\/2025\/03\/CONTES-ET-COMPTINES.jpg","type":"","width":"","height":""}],"twitter_card":"summary_large_image","schema":{"@context":"https:\/\/schema.org","@graph":[{"@type":"WebPage","@id":"https:\/\/lagrainebleue.fr\/index.php\/comptines-en-lsf\/","url":"https:\/\/lagrainebleue.fr\/index.php\/comptines-en-lsf\/","name":"Comptines en lsf - Compagnie La Graine Bleue","isPartOf":{"@id":"https:\/\/lagrainebleue.fr\/#website"},"primaryImageOfPage":{"@id":"https:\/\/lagrainebleue.fr\/index.php\/comptines-en-lsf\/#primaryimage"},"image":{"@id":"https:\/\/lagrainebleue.fr\/index.php\/comptines-en-lsf\/#primaryimage"},"thumbnailUrl":"http:\/\/lagrainebleue.fr\/wp-content\/uploads\/2025\/03\/CONTES-ET-COMPTINES.jpg","datePublished":"2025-04-08T13:18:51+00:00","dateModified":"2025-04-08T13:24:56+00:00","breadcrumb":{"@id":"https:\/\/lagrainebleue.fr\/index.php\/comptines-en-lsf\/#breadcrumb"},"inLanguage":"fr-FR","potentialAction":[{"@type":"ReadAction","target":["https:\/\/lagrainebleue.fr\/index.php\/comptines-en-lsf\/"]}]},{"@type":"ImageObject","inLanguage":"fr-FR","@id":"https:\/\/lagrainebleue.fr\/index.php\/comptines-en-lsf\/#primaryimage","url":"https:\/\/lagrainebleue.fr\/wp-content\/uploads\/2025\/03\/CONTES-ET-COMPTINES.jpg","contentUrl":"https:\/\/lagrainebleue.fr\/wp-content\/uploads\/2025\/03\/CONTES-ET-COMPTINES.jpg","width":940,"height":788},{"@type":"BreadcrumbList","@id":"https:\/\/lagrainebleue.fr\/index.php\/comptines-en-lsf\/#breadcrumb","itemListElement":[{"@type":"ListItem","position":1,"name":"Accueil","item":"https:\/\/lagrainebleue.fr\/"},{"@type":"ListItem","position":2,"name":"Comptines en lsf"}]},{"@type":"WebSite","@id":"https:\/\/lagrainebleue.fr\/#website","url":"https:\/\/lagrainebleue.fr\/","name":"Compagnie La Graine Bleue","description":"Th\u00e9\u00e2tre &amp; LSF ....................... &gt;&gt; Site en construction","potentialAction":[{"@type":"SearchAction","target":{"@type":"EntryPoint","urlTemplate":"https:\/\/lagrainebleue.fr\/?s={search_term_string}"},"query-input":{"@type":"PropertyValueSpecification","valueRequired":true,"valueName":"search_term_string"}}],"inLanguage":"fr-FR"}]}},"_links":{"self":[{"href":"https:\/\/lagrainebleue.fr\/index.php\/wp-json\/wp\/v2\/pages\/533","targetHints":{"allow":["GET"]}}],"collection":[{"href":"https:\/\/lagrainebleue.fr\/index.php\/wp-json\/wp\/v2\/pages"}],"about":[{"href":"https:\/\/lagrainebleue.fr\/index.php\/wp-json\/wp\/v2\/types\/page"}],"author":[{"embeddable":true,"href":"https:\/\/lagrainebleue.fr\/index.php\/wp-json\/wp\/v2\/users\/1"}],"replies":[{"embeddable":true,"href":"https:\/\/lagrainebleue.fr\/index.php\/wp-json\/wp\/v2\/comments?post=533"}],"version-history":[{"count":4,"href":"https:\/\/lagrainebleue.fr\/index.php\/wp-json\/wp\/v2\/pages\/533\/revisions"}],"predecessor-version":[{"id":537,"href":"https:\/\/lagrainebleue.fr\/index.php\/wp-json\/wp\/v2\/pages\/533\/revisions\/537"}],"wp:attachment":[{"href":"https:\/\/lagrainebleue.fr\/index.php\/wp-json\/wp\/v2\/media?parent=533"}],"curies":[{"name":"wp","href":"https:\/\/api.w.org\/{rel}","templated":true}]}}